{"id":103,"date":"2022-06-28T11:06:41","date_gmt":"2022-06-28T09:06:41","guid":{"rendered":"https:\/\/www.mloc1080.be\/aftheure\/?page_id=103"},"modified":"2026-04-09T12:03:29","modified_gmt":"2026-04-09T10:03:29","slug":"qui-sommes-nous","status":"publish","type":"page","link":"https:\/\/www.aftheure.be\/aftheure\/qui-sommes-nous\/","title":{"rendered":"Qui sommes-nous ?"},"content":{"rendered":"\t\t<div data-elementor-type=\"wp-page\" data-elementor-id=\"103\" class=\"elementor elementor-103\" data-elementor-post-type=\"page\">\n\t\t\t\t\t\t<section class=\"elementor-section elementor-top-section elementor-element elementor-element-83aba6a elementor-section-boxed elementor-section-height-default elementor-section-height-default\" data-id=\"83aba6a\" data-element_type=\"section\" data-e-type=\"section\">\n\t\t\t\t\t\t<div class=\"elementor-container elementor-column-gap-default\">\n\t\t\t\t\t<div class=\"elementor-column elementor-col-100 elementor-top-column elementor-element elementor-element-aa1dbb4\" data-id=\"aa1dbb4\" data-element_type=\"column\" data-e-type=\"column\">\n\t\t\t<div class=\"elementor-widget-wrap elementor-element-populated\">\n\t\t\t\t\t\t<div class=\"elementor-element elementor-element-480c715 elementor-grid-1 elementor-posts--align-center elementor-grid-tablet-2 elementor-grid-mobile-1 elementor-posts--thumbnail-top elementor-widget elementor-widget-posts\" data-id=\"480c715\" data-element_type=\"widget\" data-e-type=\"widget\" data-settings=\"{&quot;classic_columns&quot;:&quot;1&quot;,&quot;classic_columns_tablet&quot;:&quot;2&quot;,&quot;classic_columns_mobile&quot;:&quot;1&quot;,&quot;classic_row_gap&quot;:{&quot;unit&quot;:&quot;px&quot;,&quot;size&quot;:35,&quot;sizes&quot;:[]},&quot;classic_row_gap_tablet&quot;:{&quot;unit&quot;:&quot;px&quot;,&quot;size&quot;:&quot;&quot;,&quot;sizes&quot;:[]},&quot;classic_row_gap_mobile&quot;:{&quot;unit&quot;:&quot;px&quot;,&quot;size&quot;:&quot;&quot;,&quot;sizes&quot;:[]}}\" data-widget_type=\"posts.classic\">\n\t\t\t\t<div class=\"elementor-widget-container\">\n\t\t\t\t\t\t\t<div class=\"elementor-posts-container elementor-posts elementor-posts--skin-classic elementor-grid\" role=\"list\">\n\t\t\t\t<article class=\"elementor-post elementor-grid-item post-243 post type-post status-publish format-standard has-post-thumbnail hentry category-formation\" role=\"listitem\">\n\t\t\t\t<a class=\"elementor-post__thumbnail__link\" href=\"https:\/\/www.aftheure.be\/aftheure\/2022\/06\/28\/inscrivez-vous-et-participez-a-notre-prochaine-seance-dinfos\/\" tabindex=\"-1\" >\n\t\t\t<div class=\"elementor-post__thumbnail\"><img fetchpriority=\"high\" decoding=\"async\" width=\"768\" height=\"512\" src=\"https:\/\/www.aftheure.be\/aftheure\/wp-content\/uploads\/2022\/06\/pexels-rene-asmussen-2977514-768x512.jpg\" class=\"attachment-medium_large size-medium_large wp-image-249\" alt=\"\" srcset=\"https:\/\/www.aftheure.be\/aftheure\/wp-content\/uploads\/2022\/06\/pexels-rene-asmussen-2977514-768x512.jpg 768w, https:\/\/www.aftheure.be\/aftheure\/wp-content\/uploads\/2022\/06\/pexels-rene-asmussen-2977514-scaled-600x400.jpg 600w, https:\/\/www.aftheure.be\/aftheure\/wp-content\/uploads\/2022\/06\/pexels-rene-asmussen-2977514-300x200.jpg 300w, https:\/\/www.aftheure.be\/aftheure\/wp-content\/uploads\/2022\/06\/pexels-rene-asmussen-2977514-1024x683.jpg 1024w, https:\/\/www.aftheure.be\/aftheure\/wp-content\/uploads\/2022\/06\/pexels-rene-asmussen-2977514-1536x1024.jpg 1536w, https:\/\/www.aftheure.be\/aftheure\/wp-content\/uploads\/2022\/06\/pexels-rene-asmussen-2977514-2048x1365.jpg 2048w, https:\/\/www.aftheure.be\/aftheure\/wp-content\/uploads\/2022\/06\/pexels-rene-asmussen-2977514-1140x760.jpg 1140w\" sizes=\"(max-width: 768px) 100vw, 768px\" \/><\/div>\n\t\t<\/a>\n\t\t\t\t<div class=\"elementor-post__text\">\n\t\t\t\t<h3 class=\"elementor-post__title\">\n\t\t\t<a href=\"https:\/\/www.aftheure.be\/aftheure\/2022\/06\/28\/inscrivez-vous-et-participez-a-notre-prochaine-seance-dinfos\/\" >\n\t\t\t\tInscrivez-vous et participez \u00e0 notre prochaine s\u00e9ance d&rsquo;infos !\t\t\t<\/a>\n\t\t<\/h3>\n\t\t\n\t\t<a class=\"elementor-post__read-more\" href=\"https:\/\/www.aftheure.be\/aftheure\/2022\/06\/28\/inscrivez-vous-et-participez-a-notre-prochaine-seance-dinfos\/\" aria-label=\"En savoir plus sur Inscrivez-vous et participez \u00e0 notre prochaine s\u00e9ance d&rsquo;infos !\" tabindex=\"-1\" >\n\t\t\tEn savoir plus\t\t<\/a>\n\n\t\t\t\t<\/div>\n\t\t\t\t<\/article>\n\t\t\t\t<\/div>\n\t\t\n\t\t\t\t\t\t<\/div>\n\t\t\t\t<\/div>\n\t\t\t\t<div class=\"elementor-element elementor-element-bbba808 elementor-widget elementor-widget-text-editor\" data-id=\"bbba808\" data-element_type=\"widget\" data-e-type=\"widget\" data-widget_type=\"text-editor.default\">\n\t\t\t\t<div class=\"elementor-widget-container\">\n\t\t\t\t\t\t\t\t\t<p style=\"text-align: center; line-height: 15.0pt; background: white; margin: 0cm 0cm 11.25pt 0cm;\" align=\"center\"><strong><span style=\"color: black; letter-spacing: .4pt;\">L\u2019AFT\u2019Heure est un restaurant p\u00e9dagogique o\u00f9 les stagiaires de Molenbeek Formation se forment aux m\u00e9tiers\u00a0<\/span><\/strong><strong><span style=\"letter-spacing: 0.4pt;\">de la restauration (salle et de cuisine).<\/span><\/strong><\/p><p style=\"text-align: center; line-height: 15.0pt; background: white; margin: 0cm 0cm 11.25pt 0cm;\" align=\"center\"><strong><span style=\"color: black; letter-spacing: .4pt;\">Le restaurant est ouvert \u00e0 tous du lundi au vendredi de 12 h \u00e0 14 h. <\/span><\/strong><\/p><p>L\u2019AFT\u2019Heure est donc un <em>Atelier de formation par le travail<\/em> dont la mission est d\u2019assurer la formation en situation de travail r\u00e9el de <em>stagiaires<\/em> en difficult\u00e9 d\u2019insertion parce qu\u2019ils n\u2019ont pas de qualification suffisante pour trouver un emploi dans l\u2019HoReCa.<\/p><p>La formation propos\u00e9e dure plus de 1000 heures et un mois de stage d\u2019ach\u00e8vement dans un autre \u00e9tablissement bruxellois choisi avec le stagiaire. Elle est gratuite et comprend des apprentissages en pratique professionnelle, des apports et renforcements th\u00e9oriques, des visites culturelles ou professionnelles et un accompagnement psychosocial.<\/p><p>Afin de vous accueillir 5jours\/7 nous formons en continu 2 groupes qui alternent au restaurant. Dor\u00e9navant les entr\u00e9es en formation sont fix\u00e9es en f\u00e9vrier et mai et octobre.<\/p><p>L\u2019\u00e9quipe p\u00e9dagogique est compos\u00e9e de formateurs exp\u00e9riment\u00e9s en cuisine et en salle, de formateurs th\u00e9oriques (communication, logique, langues, citoyennet\u00e9\u2026), d\u2019une encadrante psychosociale, ainsi que d\u2019une secr\u00e9taire et d\u2019une coordinatrice.<\/p><p>L\u2019Aft\u2019Heure est une initiative soutenue par le Fonds Social Europ\u00e9en, Bruxelles Formation, Actiris, la Commune de Molenbeek, la r\u00e9gion de Bruxelles Capitale, et la F\u00e9d\u00e9ration Wallonie Bruxelles.<\/p><p>Vous \u00eates professionnel et souhaitez participer \u00e0 notre projet par une visite de votre \u00e9tablissement, une rencontre, offrir un stage ou nous transmettre une proposition d\u2019emploi pour nos stagiaires\u00a0?<\/p><p>Contactez <strong>l\u2019\u00e9quipe p\u00e9dagogique<\/strong>\u00a0via <strong>secmofo@mofo1080.be<\/strong><\/p>\t\t\t\t\t\t\t\t<\/div>\n\t\t\t\t<\/div>\n\t\t\t\t\t<\/div>\n\t\t<\/div>\n\t\t\t\t\t<\/div>\n\t\t<\/section>\n\t\t\t\t<section class=\"elementor-section elementor-top-section elementor-element elementor-element-8171bb9 elementor-section-boxed elementor-section-height-default elementor-section-height-default\" data-id=\"8171bb9\" data-element_type=\"section\" data-e-type=\"section\">\n\t\t\t\t\t\t<div class=\"elementor-container elementor-column-gap-default\">\n\t\t\t\t\t<div class=\"elementor-column elementor-col-100 elementor-top-column elementor-element elementor-element-76705e4\" data-id=\"76705e4\" data-element_type=\"column\" data-e-type=\"column\">\n\t\t\t<div class=\"elementor-widget-wrap elementor-element-populated\">\n\t\t\t\t\t\t<div class=\"elementor-element elementor-element-62828b2 elementor-widget elementor-widget-spacer\" data-id=\"62828b2\" data-element_type=\"widget\" data-e-type=\"widget\" data-widget_type=\"spacer.default\">\n\t\t\t\t<div class=\"elementor-widget-container\">\n\t\t\t\t\t\t\t<div class=\"elementor-spacer\">\n\t\t\t<div class=\"elementor-spacer-inner\"><\/div>\n\t\t<\/div>\n\t\t\t\t\t\t<\/div>\n\t\t\t\t<\/div>\n\t\t\t\t\t<\/div>\n\t\t<\/div>\n\t\t\t\t\t<\/div>\n\t\t<\/section>\n\t\t\t\t<section class=\"elementor-section elementor-top-section elementor-element elementor-element-6c4c80a elementor-section-boxed elementor-section-height-default elementor-section-height-default\" data-id=\"6c4c80a\" data-element_type=\"section\" data-e-type=\"section\" data-settings=\"{&quot;background_background&quot;:&quot;classic&quot;}\">\n\t\t\t\t\t\t<div class=\"elementor-container elementor-column-gap-default\">\n\t\t\t\t\t<div class=\"elementor-column elementor-col-33 elementor-top-column elementor-element elementor-element-acffa2c\" data-id=\"acffa2c\" data-element_type=\"column\" data-e-type=\"column\">\n\t\t\t<div class=\"elementor-widget-wrap elementor-element-populated\">\n\t\t\t\t\t\t<div class=\"elementor-element elementor-element-266ce9c elementor-position-inline-start elementor-view-default elementor-mobile-position-block-start elementor-widget elementor-widget-icon-box\" data-id=\"266ce9c\" data-element_type=\"widget\" data-e-type=\"widget\" data-widget_type=\"icon-box.default\">\n\t\t\t\t<div class=\"elementor-widget-container\">\n\t\t\t\t\t\t\t<div class=\"elementor-icon-box-wrapper\">\n\n\t\t\t\t\t\t<div class=\"elementor-icon-box-icon\">\n\t\t\t\t<span  class=\"elementor-icon\">\n\t\t\t\t<i aria-hidden=\"true\" class=\"fas fa-calendar\"><\/i>\t\t\t\t<\/span>\n\t\t\t<\/div>\n\t\t\t\n\t\t\t\t\t\t<div class=\"elementor-icon-box-content\">\n\n\t\t\t\t\t\t\t\t\t<h3 class=\"elementor-icon-box-title\">\n\t\t\t\t\t\t<span  >\n\t\t\t\t\t\t\tVenez manger\t\t\t\t\t\t<\/span>\n\t\t\t\t\t<\/h3>\n\t\t\t\t\n\t\t\t\t\t\t\t\t\t<p class=\"elementor-icon-box-description\">\n\t\t\t\t\t\tDu lundi au vendredi de 12h \u00e0 14h\t\t\t\t\t<\/p>\n\t\t\t\t\n\t\t\t<\/div>\n\t\t\t\n\t\t<\/div>\n\t\t\t\t\t\t<\/div>\n\t\t\t\t<\/div>\n\t\t\t\t\t<\/div>\n\t\t<\/div>\n\t\t\t\t<div class=\"elementor-column elementor-col-33 elementor-top-column elementor-element elementor-element-487ae78\" data-id=\"487ae78\" data-element_type=\"column\" data-e-type=\"column\">\n\t\t\t<div class=\"elementor-widget-wrap elementor-element-populated\">\n\t\t\t\t\t\t<div class=\"elementor-element elementor-element-99e3b3e elementor-position-inline-start elementor-view-default elementor-mobile-position-block-start elementor-widget elementor-widget-icon-box\" data-id=\"99e3b3e\" data-element_type=\"widget\" data-e-type=\"widget\" data-widget_type=\"icon-box.default\">\n\t\t\t\t<div class=\"elementor-widget-container\">\n\t\t\t\t\t\t\t<div class=\"elementor-icon-box-wrapper\">\n\n\t\t\t\t\t\t<div class=\"elementor-icon-box-icon\">\n\t\t\t\t<span  class=\"elementor-icon\">\n\t\t\t\t<i aria-hidden=\"true\" class=\"fas fa-phone-alt\"><\/i>\t\t\t\t<\/span>\n\t\t\t<\/div>\n\t\t\t\n\t\t\t\t\t\t<div class=\"elementor-icon-box-content\">\n\n\t\t\t\t\t\t\t\t\t<h3 class=\"elementor-icon-box-title\">\n\t\t\t\t\t\t<span  >\n\t\t\t\t\t\t\tAppelez-nous\t\t\t\t\t\t<\/span>\n\t\t\t\t\t<\/h3>\n\t\t\t\t\n\t\t\t\t\t\t\t\t\t<p class=\"elementor-icon-box-description\">\n\t\t\t\t\t\t+32 2 421 68 99\t\t\t\t\t<\/p>\n\t\t\t\t\n\t\t\t<\/div>\n\t\t\t\n\t\t<\/div>\n\t\t\t\t\t\t<\/div>\n\t\t\t\t<\/div>\n\t\t\t\t\t<\/div>\n\t\t<\/div>\n\t\t\t\t<div class=\"elementor-column elementor-col-33 elementor-top-column elementor-element elementor-element-087609b\" data-id=\"087609b\" data-element_type=\"column\" data-e-type=\"column\">\n\t\t\t<div class=\"elementor-widget-wrap elementor-element-populated\">\n\t\t\t\t\t\t<div class=\"elementor-element elementor-element-1c34e91 elementor-position-inline-start elementor-view-default elementor-mobile-position-block-start elementor-widget elementor-widget-icon-box\" data-id=\"1c34e91\" data-element_type=\"widget\" data-e-type=\"widget\" data-widget_type=\"icon-box.default\">\n\t\t\t\t<div class=\"elementor-widget-container\">\n\t\t\t\t\t\t\t<div class=\"elementor-icon-box-wrapper\">\n\n\t\t\t\t\t\t<div class=\"elementor-icon-box-icon\">\n\t\t\t\t<span  class=\"elementor-icon\">\n\t\t\t\t<i aria-hidden=\"true\" class=\"fas fa-map-marker-alt\"><\/i>\t\t\t\t<\/span>\n\t\t\t<\/div>\n\t\t\t\n\t\t\t\t\t\t<div class=\"elementor-icon-box-content\">\n\n\t\t\t\t\t\t\t\t\t<h3 class=\"elementor-icon-box-title\">\n\t\t\t\t\t\t<span  >\n\t\t\t\t\t\t\tTrouvez-nous\t\t\t\t\t\t<\/span>\n\t\t\t\t\t<\/h3>\n\t\t\t\t\n\t\t\t\t\t\t\t\t\t<p class=\"elementor-icon-box-description\">\n\t\t\t\t\t\tBoulevard L\u00e9opold II, 101-103 1080 Molenbeek-Saint-Jean\t\t\t\t\t<\/p>\n\t\t\t\t\n\t\t\t<\/div>\n\t\t\t\n\t\t<\/div>\n\t\t\t\t\t\t<\/div>\n\t\t\t\t<\/div>\n\t\t\t\t\t<\/div>\n\t\t<\/div>\n\t\t\t\t\t<\/div>\n\t\t<\/section>\n\t\t\t\t<section class=\"elementor-section elementor-top-section elementor-element elementor-element-0d0276f elementor-section-boxed elementor-section-height-default elementor-section-height-default\" data-id=\"0d0276f\" data-element_type=\"section\" data-e-type=\"section\">\n\t\t\t\t\t\t<div class=\"elementor-container elementor-column-gap-default\">\n\t\t\t\t\t<div class=\"elementor-column elementor-col-33 elementor-top-column elementor-element elementor-element-6b6f5cf\" data-id=\"6b6f5cf\" data-element_type=\"column\" data-e-type=\"column\">\n\t\t\t<div class=\"elementor-widget-wrap\">\n\t\t\t\t\t\t\t<\/div>\n\t\t<\/div>\n\t\t\t\t<div class=\"elementor-column elementor-col-33 elementor-top-column elementor-element elementor-element-e82246e\" data-id=\"e82246e\" data-element_type=\"column\" data-e-type=\"column\">\n\t\t\t<div class=\"elementor-widget-wrap elementor-element-populated\">\n\t\t\t\t\t\t<div class=\"elementor-element elementor-element-88d5e3e elementor-widget elementor-widget-image\" data-id=\"88d5e3e\" data-element_type=\"widget\" data-e-type=\"widget\" data-widget_type=\"image.default\">\n\t\t\t\t<div class=\"elementor-widget-container\">\n\t\t\t\t\t\t\t\t\t\t\t\t\t\t\t<img decoding=\"async\" width=\"600\" height=\"200\" src=\"https:\/\/www.aftheure.be\/aftheure\/wp-content\/uploads\/2024\/01\/LOGOS.png\" class=\"attachment-large size-large wp-image-1647\" alt=\"\" srcset=\"https:\/\/www.aftheure.be\/aftheure\/wp-content\/uploads\/2024\/01\/LOGOS.png 600w, https:\/\/www.aftheure.be\/aftheure\/wp-content\/uploads\/2024\/01\/LOGOS-300x100.png 300w\" sizes=\"(max-width: 600px) 100vw, 600px\" \/>\t\t\t\t\t\t\t\t\t\t\t\t\t\t\t<\/div>\n\t\t\t\t<\/div>\n\t\t\t\t\t<\/div>\n\t\t<\/div>\n\t\t\t\t<div class=\"elementor-column elementor-col-33 elementor-top-column elementor-element elementor-element-075ce55\" data-id=\"075ce55\" data-element_type=\"column\" data-e-type=\"column\">\n\t\t\t<div class=\"elementor-widget-wrap\">\n\t\t\t\t\t\t\t<\/div>\n\t\t<\/div>\n\t\t\t\t\t<\/div>\n\t\t<\/section>\n\t\t\t\t<\/div>\n\t\t","protected":false},"excerpt":{"rendered":"<p>L\u2019AFT\u2019Heure est un restaurant p\u00e9dagogique o\u00f9 les stagiaires de Molenbeek Formation se forment aux m\u00e9tiers\u00a0de la restauration (salle et de cuisine). Le restaurant est ouvert \u00e0 tous du lundi au vendredi de 12 h \u00e0 14 h. L\u2019AFT\u2019Heure est donc un Atelier de formation par le travail dont la mission est d\u2019assurer la formation en situation de travail r\u00e9el de stagiaires en difficult\u00e9 d\u2019insertion parce qu\u2019ils n\u2019ont pas de qualification suffisante pour trouver un emploi dans l\u2019HoReCa. La formation propos\u00e9e dure plus de 1000 heures et un mois de stage d\u2019ach\u00e8vement dans un autre \u00e9tablissement bruxellois choisi avec le stagiaire. Elle est gratuite et comprend des apprentissages en pratique professionnelle, des apports et renforcements th\u00e9oriques, des visites culturelles ou professionnelles et un accompagnement psychosocial. Afin de vous accueillir 5jours\/7 nous formons en continu 2 groupes qui alternent au restaurant. Dor\u00e9navant les entr\u00e9es en formation sont fix\u00e9es en f\u00e9vrier et mai et octobre. L\u2019\u00e9quipe p\u00e9dagogique est compos\u00e9e de formateurs exp\u00e9riment\u00e9s en cuisine et en salle, de formateurs th\u00e9oriques (communication, logique, langues, citoyennet\u00e9\u2026), d\u2019une encadrante psychosociale, ainsi que d\u2019une secr\u00e9taire et d\u2019une coordinatrice. L\u2019Aft\u2019Heure est une initiative soutenue par le Fonds Social Europ\u00e9en, Bruxelles Formation, Actiris, la Commune de Molenbeek, la r\u00e9gion de Bruxelles Capitale, et la F\u00e9d\u00e9ration Wallonie Bruxelles. Vous \u00eates professionnel et souhaitez participer \u00e0 notre projet par une visite de votre \u00e9tablissement, une rencontre, offrir un stage ou nous transmettre une proposition d\u2019emploi pour nos stagiaires\u00a0? Contactez l\u2019\u00e9quipe p\u00e9dagogique\u00a0via secmofo@mofo1080.be Venez manger Du lundi au vendredi de 12h \u00e0 14h Appelez-nous +32 2 421 68 99 Trouvez-nous Boulevard L\u00e9opold II, 101-103 1080 Molenbeek-Saint-Jean<\/p>\n","protected":false},"author":2,"featured_media":0,"parent":0,"menu_order":0,"comment_status":"closed","ping_status":"closed","template":"","meta":{"footnotes":""},"class_list":["post-103","page","type-page","status-publish","hentry"],"yoast_head":"<!-- This site is optimized with the Yoast SEO plugin v27.4 - https:\/\/yoast.com\/product\/yoast-seo-wordpress\/ -->\n<title>Qui sommes-nous ? - AFT&#039;Heure<\/title>\n<meta name=\"description\" content=\"L\u2019AFT\u2019Heure est un restaurant p\u00e9dagogique o\u00f9 les stagiaires de Molenbeek Formation se forment aux m\u00e9tiers de la restauration.\" \/>\n<meta name=\"robots\" content=\"index, follow, max-snippet:-1, max-image-preview:large, max-video-preview:-1\" \/>\n<link rel=\"canonical\" href=\"https:\/\/www.aftheure.be\/aftheure\/qui-sommes-nous\/\" \/>\n<meta property=\"og:locale\" content=\"fr_FR\" \/>\n<meta property=\"og:type\" content=\"article\" \/>\n<meta property=\"og:title\" content=\"Qui sommes-nous ? - AFT&#039;Heure\" \/>\n<meta property=\"og:description\" content=\"L\u2019AFT\u2019Heure est un restaurant p\u00e9dagogique o\u00f9 les stagiaires de Molenbeek Formation se forment aux m\u00e9tiers de la restauration.\" \/>\n<meta property=\"og:url\" content=\"https:\/\/www.aftheure.be\/aftheure\/qui-sommes-nous\/\" \/>\n<meta property=\"og:site_name\" content=\"AFT&#039;Heure\" \/>\n<meta property=\"article:publisher\" content=\"https:\/\/www.facebook.com\/aftheurerestaurant\" \/>\n<meta property=\"article:modified_time\" content=\"2026-04-09T10:03:29+00:00\" \/>\n<meta property=\"og:image\" content=\"https:\/\/www.aftheure.be\/aftheure\/wp-content\/uploads\/2024\/01\/LOGOS.png\" \/>\n<meta name=\"twitter:card\" content=\"summary_large_image\" \/>\n<meta name=\"twitter:label1\" content=\"Dur\u00e9e de lecture estim\u00e9e\" \/>\n\t<meta name=\"twitter:data1\" content=\"2 minutes\" \/>\n<script type=\"application\/ld+json\" class=\"yoast-schema-graph\">{\"@context\":\"https:\\\/\\\/schema.org\",\"@graph\":[{\"@type\":\"WebPage\",\"@id\":\"https:\\\/\\\/www.aftheure.be\\\/aftheure\\\/qui-sommes-nous\\\/\",\"url\":\"https:\\\/\\\/www.aftheure.be\\\/aftheure\\\/qui-sommes-nous\\\/\",\"name\":\"Qui sommes-nous ? - AFT&#039;Heure\",\"isPartOf\":{\"@id\":\"https:\\\/\\\/www.aftheure.be\\\/aftheure\\\/#website\"},\"primaryImageOfPage\":{\"@id\":\"https:\\\/\\\/www.aftheure.be\\\/aftheure\\\/qui-sommes-nous\\\/#primaryimage\"},\"image\":{\"@id\":\"https:\\\/\\\/www.aftheure.be\\\/aftheure\\\/qui-sommes-nous\\\/#primaryimage\"},\"thumbnailUrl\":\"https:\\\/\\\/www.aftheure.be\\\/aftheure\\\/wp-content\\\/uploads\\\/2024\\\/01\\\/LOGOS.png\",\"datePublished\":\"2022-06-28T09:06:41+00:00\",\"dateModified\":\"2026-04-09T10:03:29+00:00\",\"description\":\"L\u2019AFT\u2019Heure est un restaurant p\u00e9dagogique o\u00f9 les stagiaires de Molenbeek Formation se forment aux m\u00e9tiers de la restauration.\",\"breadcrumb\":{\"@id\":\"https:\\\/\\\/www.aftheure.be\\\/aftheure\\\/qui-sommes-nous\\\/#breadcrumb\"},\"inLanguage\":\"fr-FR\",\"potentialAction\":[{\"@type\":\"ReadAction\",\"target\":[\"https:\\\/\\\/www.aftheure.be\\\/aftheure\\\/qui-sommes-nous\\\/\"]}]},{\"@type\":\"ImageObject\",\"inLanguage\":\"fr-FR\",\"@id\":\"https:\\\/\\\/www.aftheure.be\\\/aftheure\\\/qui-sommes-nous\\\/#primaryimage\",\"url\":\"https:\\\/\\\/www.aftheure.be\\\/aftheure\\\/wp-content\\\/uploads\\\/2024\\\/01\\\/LOGOS.png\",\"contentUrl\":\"https:\\\/\\\/www.aftheure.be\\\/aftheure\\\/wp-content\\\/uploads\\\/2024\\\/01\\\/LOGOS.png\",\"width\":600,\"height\":200},{\"@type\":\"BreadcrumbList\",\"@id\":\"https:\\\/\\\/www.aftheure.be\\\/aftheure\\\/qui-sommes-nous\\\/#breadcrumb\",\"itemListElement\":[{\"@type\":\"ListItem\",\"position\":1,\"name\":\"Accueil\",\"item\":\"https:\\\/\\\/www.aftheure.be\\\/aftheure\\\/\"},{\"@type\":\"ListItem\",\"position\":2,\"name\":\"Qui sommes-nous ?\"}]},{\"@type\":\"WebSite\",\"@id\":\"https:\\\/\\\/www.aftheure.be\\\/aftheure\\\/#website\",\"url\":\"https:\\\/\\\/www.aftheure.be\\\/aftheure\\\/\",\"name\":\"AFT'Heure\",\"description\":\"Restaurant\",\"publisher\":{\"@id\":\"https:\\\/\\\/www.aftheure.be\\\/aftheure\\\/#organization\"},\"potentialAction\":[{\"@type\":\"SearchAction\",\"target\":{\"@type\":\"EntryPoint\",\"urlTemplate\":\"https:\\\/\\\/www.aftheure.be\\\/aftheure\\\/?s={search_term_string}\"},\"query-input\":{\"@type\":\"PropertyValueSpecification\",\"valueRequired\":true,\"valueName\":\"search_term_string\"}}],\"inLanguage\":\"fr-FR\"},{\"@type\":\"Organization\",\"@id\":\"https:\\\/\\\/www.aftheure.be\\\/aftheure\\\/#organization\",\"name\":\"AFT'Heure\",\"url\":\"https:\\\/\\\/www.aftheure.be\\\/aftheure\\\/\",\"logo\":{\"@type\":\"ImageObject\",\"inLanguage\":\"fr-FR\",\"@id\":\"https:\\\/\\\/www.aftheure.be\\\/aftheure\\\/#\\\/schema\\\/logo\\\/image\\\/\",\"url\":\"https:\\\/\\\/www.aftheure.be\\\/aftheure\\\/wp-content\\\/uploads\\\/2024\\\/11\\\/Design-sans-titre-2024-11-22T170321.427.png\",\"contentUrl\":\"https:\\\/\\\/www.aftheure.be\\\/aftheure\\\/wp-content\\\/uploads\\\/2024\\\/11\\\/Design-sans-titre-2024-11-22T170321.427.png\",\"width\":1414,\"height\":1894,\"caption\":\"AFT'Heure\"},\"image\":{\"@id\":\"https:\\\/\\\/www.aftheure.be\\\/aftheure\\\/#\\\/schema\\\/logo\\\/image\\\/\"},\"sameAs\":[\"https:\\\/\\\/www.facebook.com\\\/aftheurerestaurant\"]}]}<\/script>\n<!-- \/ Yoast SEO plugin. -->","yoast_head_json":{"title":"Qui sommes-nous ? - AFT&#039;Heure","description":"L\u2019AFT\u2019Heure est un restaurant p\u00e9dagogique o\u00f9 les stagiaires de Molenbeek Formation se forment aux m\u00e9tiers de la restauration.","robots":{"index":"index","follow":"follow","max-snippet":"max-snippet:-1","max-image-preview":"max-image-preview:large","max-video-preview":"max-video-preview:-1"},"canonical":"https:\/\/www.aftheure.be\/aftheure\/qui-sommes-nous\/","og_locale":"fr_FR","og_type":"article","og_title":"Qui sommes-nous ? - AFT&#039;Heure","og_description":"L\u2019AFT\u2019Heure est un restaurant p\u00e9dagogique o\u00f9 les stagiaires de Molenbeek Formation se forment aux m\u00e9tiers de la restauration.","og_url":"https:\/\/www.aftheure.be\/aftheure\/qui-sommes-nous\/","og_site_name":"AFT&#039;Heure","article_publisher":"https:\/\/www.facebook.com\/aftheurerestaurant","article_modified_time":"2026-04-09T10:03:29+00:00","og_image":[{"url":"https:\/\/www.aftheure.be\/aftheure\/wp-content\/uploads\/2024\/01\/LOGOS.png","type":"","width":"","height":""}],"twitter_card":"summary_large_image","twitter_misc":{"Dur\u00e9e de lecture estim\u00e9e":"2 minutes"},"schema":{"@context":"https:\/\/schema.org","@graph":[{"@type":"WebPage","@id":"https:\/\/www.aftheure.be\/aftheure\/qui-sommes-nous\/","url":"https:\/\/www.aftheure.be\/aftheure\/qui-sommes-nous\/","name":"Qui sommes-nous ? - AFT&#039;Heure","isPartOf":{"@id":"https:\/\/www.aftheure.be\/aftheure\/#website"},"primaryImageOfPage":{"@id":"https:\/\/www.aftheure.be\/aftheure\/qui-sommes-nous\/#primaryimage"},"image":{"@id":"https:\/\/www.aftheure.be\/aftheure\/qui-sommes-nous\/#primaryimage"},"thumbnailUrl":"https:\/\/www.aftheure.be\/aftheure\/wp-content\/uploads\/2024\/01\/LOGOS.png","datePublished":"2022-06-28T09:06:41+00:00","dateModified":"2026-04-09T10:03:29+00:00","description":"L\u2019AFT\u2019Heure est un restaurant p\u00e9dagogique o\u00f9 les stagiaires de Molenbeek Formation se forment aux m\u00e9tiers de la restauration.","breadcrumb":{"@id":"https:\/\/www.aftheure.be\/aftheure\/qui-sommes-nous\/#breadcrumb"},"inLanguage":"fr-FR","potentialAction":[{"@type":"ReadAction","target":["https:\/\/www.aftheure.be\/aftheure\/qui-sommes-nous\/"]}]},{"@type":"ImageObject","inLanguage":"fr-FR","@id":"https:\/\/www.aftheure.be\/aftheure\/qui-sommes-nous\/#primaryimage","url":"https:\/\/www.aftheure.be\/aftheure\/wp-content\/uploads\/2024\/01\/LOGOS.png","contentUrl":"https:\/\/www.aftheure.be\/aftheure\/wp-content\/uploads\/2024\/01\/LOGOS.png","width":600,"height":200},{"@type":"BreadcrumbList","@id":"https:\/\/www.aftheure.be\/aftheure\/qui-sommes-nous\/#breadcrumb","itemListElement":[{"@type":"ListItem","position":1,"name":"Accueil","item":"https:\/\/www.aftheure.be\/aftheure\/"},{"@type":"ListItem","position":2,"name":"Qui sommes-nous ?"}]},{"@type":"WebSite","@id":"https:\/\/www.aftheure.be\/aftheure\/#website","url":"https:\/\/www.aftheure.be\/aftheure\/","name":"AFT'Heure","description":"Restaurant","publisher":{"@id":"https:\/\/www.aftheure.be\/aftheure\/#organization"},"potentialAction":[{"@type":"SearchAction","target":{"@type":"EntryPoint","urlTemplate":"https:\/\/www.aftheure.be\/aftheure\/?s={search_term_string}"},"query-input":{"@type":"PropertyValueSpecification","valueRequired":true,"valueName":"search_term_string"}}],"inLanguage":"fr-FR"},{"@type":"Organization","@id":"https:\/\/www.aftheure.be\/aftheure\/#organization","name":"AFT'Heure","url":"https:\/\/www.aftheure.be\/aftheure\/","logo":{"@type":"ImageObject","inLanguage":"fr-FR","@id":"https:\/\/www.aftheure.be\/aftheure\/#\/schema\/logo\/image\/","url":"https:\/\/www.aftheure.be\/aftheure\/wp-content\/uploads\/2024\/11\/Design-sans-titre-2024-11-22T170321.427.png","contentUrl":"https:\/\/www.aftheure.be\/aftheure\/wp-content\/uploads\/2024\/11\/Design-sans-titre-2024-11-22T170321.427.png","width":1414,"height":1894,"caption":"AFT'Heure"},"image":{"@id":"https:\/\/www.aftheure.be\/aftheure\/#\/schema\/logo\/image\/"},"sameAs":["https:\/\/www.facebook.com\/aftheurerestaurant"]}]}},"_links":{"self":[{"href":"https:\/\/www.aftheure.be\/aftheure\/wp-json\/wp\/v2\/pages\/103","targetHints":{"allow":["GET"]}}],"collection":[{"href":"https:\/\/www.aftheure.be\/aftheure\/wp-json\/wp\/v2\/pages"}],"about":[{"href":"https:\/\/www.aftheure.be\/aftheure\/wp-json\/wp\/v2\/types\/page"}],"author":[{"embeddable":true,"href":"https:\/\/www.aftheure.be\/aftheure\/wp-json\/wp\/v2\/users\/2"}],"replies":[{"embeddable":true,"href":"https:\/\/www.aftheure.be\/aftheure\/wp-json\/wp\/v2\/comments?post=103"}],"version-history":[{"count":74,"href":"https:\/\/www.aftheure.be\/aftheure\/wp-json\/wp\/v2\/pages\/103\/revisions"}],"predecessor-version":[{"id":2695,"href":"https:\/\/www.aftheure.be\/aftheure\/wp-json\/wp\/v2\/pages\/103\/revisions\/2695"}],"wp:attachment":[{"href":"https:\/\/www.aftheure.be\/aftheure\/wp-json\/wp\/v2\/media?parent=103"}],"curies":[{"name":"wp","href":"https:\/\/api.w.org\/{rel}","templated":true}]}}