{"id":2266,"date":"2025-09-02T12:21:31","date_gmt":"2025-09-02T10:21:31","guid":{"rendered":"https:\/\/www.aftheure.be\/aftheure\/?page_id=2266"},"modified":"2026-01-15T13:21:46","modified_gmt":"2026-01-15T11:21:46","slug":"livres-recettes-stagiaires","status":"publish","type":"page","link":"https:\/\/www.aftheure.be\/aftheure\/livres-recettes-stagiaires\/","title":{"rendered":"Livres de recettes"},"content":{"rendered":"\t\t<div data-elementor-type=\"wp-page\" data-elementor-id=\"2266\" class=\"elementor elementor-2266\" data-elementor-post-type=\"page\">\n\t\t\t\t\t\t<section class=\"elementor-section elementor-top-section elementor-element elementor-element-ea02c8d elementor-section-boxed elementor-section-height-default elementor-section-height-default\" data-id=\"ea02c8d\" data-element_type=\"section\" data-e-type=\"section\">\n\t\t\t\t\t\t<div class=\"elementor-container elementor-column-gap-default\">\n\t\t\t\t\t<div class=\"elementor-column elementor-col-100 elementor-top-column elementor-element elementor-element-2d2d3ea\" data-id=\"2d2d3ea\" data-element_type=\"column\" data-e-type=\"column\">\n\t\t\t<div class=\"elementor-widget-wrap elementor-element-populated\">\n\t\t\t\t\t\t<div class=\"elementor-element elementor-element-ef648c9 elementor-widget elementor-widget-text-editor\" data-id=\"ef648c9\" data-element_type=\"widget\" data-e-type=\"widget\" data-widget_type=\"text-editor.default\">\n\t\t\t\t<div class=\"elementor-widget-container\">\n\t\t\t\t\t\t\t\t\t<p data-start=\"84\" data-end=\"511\">Dans le cadre de leur parcours p\u00e9dagogique, nous encourageons nos stagiaires \u00e0 explorer la cuisine comme outil d\u2019apprentissage, de cr\u00e9ativit\u00e9 et de partage.<br data-start=\"240\" data-end=\"243\" \/>Au fil des activit\u00e9s, nous int\u00e9grons des recettes en lien avec leurs projets, leurs cultures et leurs envies. Les stagiaires sont \u00e9galement invit\u00e9s \u00e0 proposer leurs propres cr\u00e9ations, qu\u2019elles soient inspir\u00e9es de traditions familiales ou de d\u00e9couvertes personnelles.<\/p><p data-start=\"513\" data-end=\"787\">Pour valoriser ce travail collectif, un livre de recettes a \u00e9t\u00e9 mis en place. Il rassemble les id\u00e9es culinaires de diff\u00e9rents groupes et reste disponible en consultation pour tous. Un v\u00e9ritable carnet de saveurs qui refl\u00e8te la diversit\u00e9 et l\u2019engagement de nos stagiaires !<\/p>\t\t\t\t\t\t\t\t<\/div>\n\t\t\t\t<\/div>\n\t\t\t\t\t<\/div>\n\t\t<\/div>\n\t\t\t\t\t<\/div>\n\t\t<\/section>\n\t\t\t\t<section class=\"elementor-section elementor-top-section elementor-element elementor-element-6eee933 elementor-section-boxed elementor-section-height-default elementor-section-height-default\" data-id=\"6eee933\" data-element_type=\"section\" data-e-type=\"section\">\n\t\t\t\t\t\t<div class=\"elementor-container elementor-column-gap-default\">\n\t\t\t\t\t<div class=\"elementor-column elementor-col-33 elementor-top-column elementor-element elementor-element-4d80f3b\" data-id=\"4d80f3b\" data-element_type=\"column\" data-e-type=\"column\">\n\t\t\t<div class=\"elementor-widget-wrap elementor-element-populated\">\n\t\t\t\t\t\t<div class=\"elementor-element elementor-element-4907287 elementor-widget elementor-widget-text-editor\" data-id=\"4907287\" data-element_type=\"widget\" data-e-type=\"widget\" data-widget_type=\"text-editor.default\">\n\t\t\t\t<div class=\"elementor-widget-container\">\n\t\t\t\t\t\t\t\t\t<div style=\"position: relative; width: 100%; height: 0; padding-top: 141.4286%; padding-bottom: 0; box-shadow: 0 2px 8px 0 rgba(63,69,81,0.16); margin-top: 1.6em; margin-bottom: 0.9em; overflow: hidden; border-radius: 8px; will-change: transform;\"><br \/><iframe style=\"position: absolute; width: 100%; height: 100%; top: 0; left: 0; border: none; padding: 0; margin: 0;\" src=\"https:\/\/www.canva.com\/design\/DAGx0sFY3Co\/btCGKXZADpOEGzdP1h0rmA\/view?embed\" allowfullscreen=\"allowfullscreen\"><br \/>  <\/iframe><\/div><p><a href=\"https:\/\/www.canva.com\/design\/DAGx0sFY3Co\/btCGKXZADpOEGzdP1h0rmA\/view?utm_content=DAGx0sFY3Co&amp;utm_campaign=designshare&amp;utm_medium=embeds&amp;utm_source=link\" target=\"_blank\" rel=\"noopener\">Livre de recettes du G52\u00a0<\/a><\/p>\t\t\t\t\t\t\t\t<\/div>\n\t\t\t\t<\/div>\n\t\t\t\t\t<\/div>\n\t\t<\/div>\n\t\t\t\t<div class=\"elementor-column elementor-col-33 elementor-top-column elementor-element elementor-element-167fc5e\" data-id=\"167fc5e\" data-element_type=\"column\" data-e-type=\"column\">\n\t\t\t<div class=\"elementor-widget-wrap elementor-element-populated\">\n\t\t\t\t\t\t<div class=\"elementor-element elementor-element-2e60d93 elementor-widget elementor-widget-text-editor\" data-id=\"2e60d93\" data-element_type=\"widget\" data-e-type=\"widget\" data-widget_type=\"text-editor.default\">\n\t\t\t\t<div class=\"elementor-widget-container\">\n\t\t\t\t\t\t\t\t\t<div style=\"position: relative; width: 100%; height: 0; padding-top: 141.4286%; padding-bottom: 0; box-shadow: 0 2px 8px 0 rgba(63,69,81,0.16); margin-top: 1.6em; margin-bottom: 0.9em; overflow: hidden; border-radius: 8px; will-change: transform;\"><iframe style=\"position: absolute; width: 100%; height: 100%; top: 0; left: 0; border: none; padding: 0; margin: 0;\" src=\"https:\/\/www.canva.com\/design\/DAG-e55k84M\/gTjOWdu2Rl0yGHeaf19qpw\/view?embed\" allowfullscreen=\"allowfullscreen\"><br \/>\n  <\/iframe><\/div><p><a href=\"https:\/\/www.canva.com\/design\/DAG-e55k84M\/gTjOWdu2Rl0yGHeaf19qpw\/view?utm_content=DAG-e55k84M&amp;utm_campaign=designshare&amp;utm_medium=embeds&amp;utm_source=link\" target=\"_blank\" rel=\"noopener\">Livre de recettes du G53<\/a><\/p>\t\t\t\t\t\t\t\t<\/div>\n\t\t\t\t<\/div>\n\t\t\t\t\t<\/div>\n\t\t<\/div>\n\t\t\t\t<div class=\"elementor-column elementor-col-33 elementor-top-column elementor-element elementor-element-1caed59\" data-id=\"1caed59\" data-element_type=\"column\" data-e-type=\"column\">\n\t\t\t<div class=\"elementor-widget-wrap\">\n\t\t\t\t\t\t\t<\/div>\n\t\t<\/div>\n\t\t\t\t\t<\/div>\n\t\t<\/section>\n\t\t\t\t<\/div>\n\t\t","protected":false},"excerpt":{"rendered":"<p>Dans le cadre de leur parcours p\u00e9dagogique, nous encourageons nos stagiaires \u00e0 explorer la cuisine comme outil d\u2019apprentissage, de cr\u00e9ativit\u00e9 et de partage.Au fil des activit\u00e9s, nous int\u00e9grons des recettes en lien avec leurs projets, leurs cultures et leurs envies. Les stagiaires sont \u00e9galement invit\u00e9s \u00e0 proposer leurs propres cr\u00e9ations, qu\u2019elles soient inspir\u00e9es de traditions familiales ou de d\u00e9couvertes personnelles. Pour valoriser ce travail collectif, un livre de recettes a \u00e9t\u00e9 mis en place. Il rassemble les id\u00e9es culinaires de diff\u00e9rents groupes et reste disponible en consultation pour tous. Un v\u00e9ritable carnet de saveurs qui refl\u00e8te la diversit\u00e9 et l\u2019engagement de nos stagiaires ! Livre de recettes du G52\u00a0 Livre de recettes du G53<\/p>\n","protected":false},"author":2,"featured_media":0,"parent":0,"menu_order":0,"comment_status":"closed","ping_status":"closed","template":"","meta":{"footnotes":""},"class_list":["post-2266","page","type-page","status-publish","hentry"],"yoast_head":"<!-- This site is optimized with the Yoast SEO plugin v27.3 - https:\/\/yoast.com\/product\/yoast-seo-wordpress\/ -->\n<title>Livres de recettes - AFT&#039;Heure<\/title>\n<meta name=\"robots\" content=\"index, follow, max-snippet:-1, max-image-preview:large, max-video-preview:-1\" \/>\n<link rel=\"canonical\" href=\"https:\/\/www.aftheure.be\/aftheure\/livres-recettes-stagiaires\/\" \/>\n<meta property=\"og:locale\" content=\"fr_FR\" \/>\n<meta property=\"og:type\" content=\"article\" \/>\n<meta property=\"og:title\" content=\"Livres de recettes - AFT&#039;Heure\" \/>\n<meta property=\"og:description\" content=\"Dans le cadre de leur parcours p\u00e9dagogique, nous encourageons nos stagiaires \u00e0 explorer la cuisine comme outil d\u2019apprentissage, de cr\u00e9ativit\u00e9 et de partage.Au fil des activit\u00e9s, nous int\u00e9grons des recettes en lien avec leurs projets, leurs cultures et leurs envies. Les stagiaires sont \u00e9galement invit\u00e9s \u00e0 proposer leurs propres cr\u00e9ations, qu\u2019elles soient inspir\u00e9es de traditions familiales ou de d\u00e9couvertes personnelles. Pour valoriser ce travail collectif, un livre de recettes a \u00e9t\u00e9 mis en place. Il rassemble les id\u00e9es culinaires de diff\u00e9rents groupes et reste disponible en consultation pour tous. Un v\u00e9ritable carnet de saveurs qui refl\u00e8te la diversit\u00e9 et l\u2019engagement de nos stagiaires ! Livre de recettes du G52\u00a0 Livre de recettes du G53\" \/>\n<meta property=\"og:url\" content=\"https:\/\/www.aftheure.be\/aftheure\/livres-recettes-stagiaires\/\" \/>\n<meta property=\"og:site_name\" content=\"AFT&#039;Heure\" \/>\n<meta property=\"article:publisher\" content=\"https:\/\/www.facebook.com\/aftheurerestaurant\" \/>\n<meta property=\"article:modified_time\" content=\"2026-01-15T11:21:46+00:00\" \/>\n<meta property=\"og:image\" content=\"https:\/\/www.aftheure.be\/aftheure\/wp-content\/uploads\/2023\/05\/logo-AFTheure.png\" \/>\n\t<meta property=\"og:image:width\" content=\"1229\" \/>\n\t<meta property=\"og:image:height\" content=\"972\" \/>\n\t<meta property=\"og:image:type\" content=\"image\/png\" \/>\n<meta name=\"twitter:card\" content=\"summary_large_image\" \/>\n<meta name=\"twitter:label1\" content=\"Dur\u00e9e de lecture estim\u00e9e\" \/>\n\t<meta name=\"twitter:data1\" content=\"1 minute\" \/>\n<script type=\"application\/ld+json\" class=\"yoast-schema-graph\">{\"@context\":\"https:\\\/\\\/schema.org\",\"@graph\":[{\"@type\":\"WebPage\",\"@id\":\"https:\\\/\\\/www.aftheure.be\\\/aftheure\\\/livres-recettes-stagiaires\\\/\",\"url\":\"https:\\\/\\\/www.aftheure.be\\\/aftheure\\\/livres-recettes-stagiaires\\\/\",\"name\":\"Livres de recettes - AFT&#039;Heure\",\"isPartOf\":{\"@id\":\"https:\\\/\\\/www.aftheure.be\\\/aftheure\\\/#website\"},\"datePublished\":\"2025-09-02T10:21:31+00:00\",\"dateModified\":\"2026-01-15T11:21:46+00:00\",\"breadcrumb\":{\"@id\":\"https:\\\/\\\/www.aftheure.be\\\/aftheure\\\/livres-recettes-stagiaires\\\/#breadcrumb\"},\"inLanguage\":\"fr-FR\",\"potentialAction\":[{\"@type\":\"ReadAction\",\"target\":[\"https:\\\/\\\/www.aftheure.be\\\/aftheure\\\/livres-recettes-stagiaires\\\/\"]}]},{\"@type\":\"BreadcrumbList\",\"@id\":\"https:\\\/\\\/www.aftheure.be\\\/aftheure\\\/livres-recettes-stagiaires\\\/#breadcrumb\",\"itemListElement\":[{\"@type\":\"ListItem\",\"position\":1,\"name\":\"Accueil\",\"item\":\"https:\\\/\\\/www.aftheure.be\\\/aftheure\\\/\"},{\"@type\":\"ListItem\",\"position\":2,\"name\":\"Livres de recettes\"}]},{\"@type\":\"WebSite\",\"@id\":\"https:\\\/\\\/www.aftheure.be\\\/aftheure\\\/#website\",\"url\":\"https:\\\/\\\/www.aftheure.be\\\/aftheure\\\/\",\"name\":\"AFT'Heure\",\"description\":\"Restaurant\",\"publisher\":{\"@id\":\"https:\\\/\\\/www.aftheure.be\\\/aftheure\\\/#organization\"},\"potentialAction\":[{\"@type\":\"SearchAction\",\"target\":{\"@type\":\"EntryPoint\",\"urlTemplate\":\"https:\\\/\\\/www.aftheure.be\\\/aftheure\\\/?s={search_term_string}\"},\"query-input\":{\"@type\":\"PropertyValueSpecification\",\"valueRequired\":true,\"valueName\":\"search_term_string\"}}],\"inLanguage\":\"fr-FR\"},{\"@type\":\"Organization\",\"@id\":\"https:\\\/\\\/www.aftheure.be\\\/aftheure\\\/#organization\",\"name\":\"AFT'Heure\",\"url\":\"https:\\\/\\\/www.aftheure.be\\\/aftheure\\\/\",\"logo\":{\"@type\":\"ImageObject\",\"inLanguage\":\"fr-FR\",\"@id\":\"https:\\\/\\\/www.aftheure.be\\\/aftheure\\\/#\\\/schema\\\/logo\\\/image\\\/\",\"url\":\"https:\\\/\\\/www.aftheure.be\\\/aftheure\\\/wp-content\\\/uploads\\\/2024\\\/11\\\/Design-sans-titre-2024-11-22T170321.427.png\",\"contentUrl\":\"https:\\\/\\\/www.aftheure.be\\\/aftheure\\\/wp-content\\\/uploads\\\/2024\\\/11\\\/Design-sans-titre-2024-11-22T170321.427.png\",\"width\":1414,\"height\":1894,\"caption\":\"AFT'Heure\"},\"image\":{\"@id\":\"https:\\\/\\\/www.aftheure.be\\\/aftheure\\\/#\\\/schema\\\/logo\\\/image\\\/\"},\"sameAs\":[\"https:\\\/\\\/www.facebook.com\\\/aftheurerestaurant\"]}]}<\/script>\n<!-- \/ Yoast SEO plugin. -->","yoast_head_json":{"title":"Livres de recettes - AFT&#039;Heure","robots":{"index":"index","follow":"follow","max-snippet":"max-snippet:-1","max-image-preview":"max-image-preview:large","max-video-preview":"max-video-preview:-1"},"canonical":"https:\/\/www.aftheure.be\/aftheure\/livres-recettes-stagiaires\/","og_locale":"fr_FR","og_type":"article","og_title":"Livres de recettes - AFT&#039;Heure","og_description":"Dans le cadre de leur parcours p\u00e9dagogique, nous encourageons nos stagiaires \u00e0 explorer la cuisine comme outil d\u2019apprentissage, de cr\u00e9ativit\u00e9 et de partage.Au fil des activit\u00e9s, nous int\u00e9grons des recettes en lien avec leurs projets, leurs cultures et leurs envies. Les stagiaires sont \u00e9galement invit\u00e9s \u00e0 proposer leurs propres cr\u00e9ations, qu\u2019elles soient inspir\u00e9es de traditions familiales ou de d\u00e9couvertes personnelles. Pour valoriser ce travail collectif, un livre de recettes a \u00e9t\u00e9 mis en place. Il rassemble les id\u00e9es culinaires de diff\u00e9rents groupes et reste disponible en consultation pour tous. Un v\u00e9ritable carnet de saveurs qui refl\u00e8te la diversit\u00e9 et l\u2019engagement de nos stagiaires ! Livre de recettes du G52\u00a0 Livre de recettes du G53","og_url":"https:\/\/www.aftheure.be\/aftheure\/livres-recettes-stagiaires\/","og_site_name":"AFT&#039;Heure","article_publisher":"https:\/\/www.facebook.com\/aftheurerestaurant","article_modified_time":"2026-01-15T11:21:46+00:00","og_image":[{"width":1229,"height":972,"url":"https:\/\/www.aftheure.be\/aftheure\/wp-content\/uploads\/2023\/05\/logo-AFTheure.png","type":"image\/png"}],"twitter_card":"summary_large_image","twitter_misc":{"Dur\u00e9e de lecture estim\u00e9e":"1 minute"},"schema":{"@context":"https:\/\/schema.org","@graph":[{"@type":"WebPage","@id":"https:\/\/www.aftheure.be\/aftheure\/livres-recettes-stagiaires\/","url":"https:\/\/www.aftheure.be\/aftheure\/livres-recettes-stagiaires\/","name":"Livres de recettes - AFT&#039;Heure","isPartOf":{"@id":"https:\/\/www.aftheure.be\/aftheure\/#website"},"datePublished":"2025-09-02T10:21:31+00:00","dateModified":"2026-01-15T11:21:46+00:00","breadcrumb":{"@id":"https:\/\/www.aftheure.be\/aftheure\/livres-recettes-stagiaires\/#breadcrumb"},"inLanguage":"fr-FR","potentialAction":[{"@type":"ReadAction","target":["https:\/\/www.aftheure.be\/aftheure\/livres-recettes-stagiaires\/"]}]},{"@type":"BreadcrumbList","@id":"https:\/\/www.aftheure.be\/aftheure\/livres-recettes-stagiaires\/#breadcrumb","itemListElement":[{"@type":"ListItem","position":1,"name":"Accueil","item":"https:\/\/www.aftheure.be\/aftheure\/"},{"@type":"ListItem","position":2,"name":"Livres de recettes"}]},{"@type":"WebSite","@id":"https:\/\/www.aftheure.be\/aftheure\/#website","url":"https:\/\/www.aftheure.be\/aftheure\/","name":"AFT'Heure","description":"Restaurant","publisher":{"@id":"https:\/\/www.aftheure.be\/aftheure\/#organization"},"potentialAction":[{"@type":"SearchAction","target":{"@type":"EntryPoint","urlTemplate":"https:\/\/www.aftheure.be\/aftheure\/?s={search_term_string}"},"query-input":{"@type":"PropertyValueSpecification","valueRequired":true,"valueName":"search_term_string"}}],"inLanguage":"fr-FR"},{"@type":"Organization","@id":"https:\/\/www.aftheure.be\/aftheure\/#organization","name":"AFT'Heure","url":"https:\/\/www.aftheure.be\/aftheure\/","logo":{"@type":"ImageObject","inLanguage":"fr-FR","@id":"https:\/\/www.aftheure.be\/aftheure\/#\/schema\/logo\/image\/","url":"https:\/\/www.aftheure.be\/aftheure\/wp-content\/uploads\/2024\/11\/Design-sans-titre-2024-11-22T170321.427.png","contentUrl":"https:\/\/www.aftheure.be\/aftheure\/wp-content\/uploads\/2024\/11\/Design-sans-titre-2024-11-22T170321.427.png","width":1414,"height":1894,"caption":"AFT'Heure"},"image":{"@id":"https:\/\/www.aftheure.be\/aftheure\/#\/schema\/logo\/image\/"},"sameAs":["https:\/\/www.facebook.com\/aftheurerestaurant"]}]}},"_links":{"self":[{"href":"https:\/\/www.aftheure.be\/aftheure\/wp-json\/wp\/v2\/pages\/2266","targetHints":{"allow":["GET"]}}],"collection":[{"href":"https:\/\/www.aftheure.be\/aftheure\/wp-json\/wp\/v2\/pages"}],"about":[{"href":"https:\/\/www.aftheure.be\/aftheure\/wp-json\/wp\/v2\/types\/page"}],"author":[{"embeddable":true,"href":"https:\/\/www.aftheure.be\/aftheure\/wp-json\/wp\/v2\/users\/2"}],"replies":[{"embeddable":true,"href":"https:\/\/www.aftheure.be\/aftheure\/wp-json\/wp\/v2\/comments?post=2266"}],"version-history":[{"count":12,"href":"https:\/\/www.aftheure.be\/aftheure\/wp-json\/wp\/v2\/pages\/2266\/revisions"}],"predecessor-version":[{"id":2489,"href":"https:\/\/www.aftheure.be\/aftheure\/wp-json\/wp\/v2\/pages\/2266\/revisions\/2489"}],"wp:attachment":[{"href":"https:\/\/www.aftheure.be\/aftheure\/wp-json\/wp\/v2\/media?parent=2266"}],"curies":[{"name":"wp","href":"https:\/\/api.w.org\/{rel}","templated":true}]}}