{"id":2517,"date":"2026-01-21T17:09:05","date_gmt":"2026-01-21T15:09:05","guid":{"rendered":"https:\/\/www.aftheure.be\/aftheure\/?page_id=2517"},"modified":"2026-01-21T17:52:39","modified_gmt":"2026-01-21T15:52:39","slug":"reservation-2","status":"publish","type":"page","link":"https:\/\/www.aftheure.be\/aftheure\/reservation-2\/","title":{"rendered":"R\u00e9servation"},"content":{"rendered":"<ul>\n<li style=\"color: #bc7547; font-weight: bold;\">Toutes les r\u00e9servations pour le jour m\u00eame doivent \u00eatre effectu\u00e9es avant 11h.<\/li>\n<li style=\"color: #0d4ea8; font-weight: bold;\">Pour les groupes de 8 personnes ou plus, merci de r\u00e9server par t\u00e9l\u00e9phone au +32 2 421 68 99.<\/li>\n<\/ul>\n<p>\n\t<script type=\"text\/javascript\">\n        var ajaxurl = 'https:\/\/www.aftheure.be\/aftheure\/wp-admin\/admin-ajax.php';\n    <\/script>\n\n    <style>#rtb-time_root .picker__list .picker__list-item.picker__list-item--disabled { display: none; }<\/style>\n    \n<div class=\"rtb-booking-form\">\n\t\n\t\n\t\n\t\n\t<form method=\"POST\" action=\"\" class=\"rtb-booking-form-form\">\n\t\t<input type=\"hidden\" name=\"action\" value=\"booking_request\">\n\n\t\t\n\t\t\n\t\t\n\t\t\t\t<fieldset class=\"reservation\">\n\n\t\t\t\t\t\t<legend >\n\t\t\t\tR\u00e9server une table\t\t\t<\/legend>\n\t\t\t\n\t\t\t\n\t<div class=\"rtb-text date\">\n\t\t\t\t<label for=\"rtb-date\">\n\t\t\tDate\t\t<\/label>\n\t\t<input type=\"text\" name=\"rtb-date\" id=\"rtb-date\" value=\"\" required aria-required=\"true\">\n\t<\/div>\n\n\t\n\t<div class=\"rtb-text time\">\n\t\t\t\t<label for=\"rtb-time\">\n\t\t\tHeure\t\t<\/label>\n\t\t<input type=\"text\" name=\"rtb-time\" id=\"rtb-time\" value=\"\" required aria-required=\"true\">\n\t<\/div>\n\n\t\n\t<div class=\"rtb-select party\">\n\t\t\t\t<label for=\"rtb-party\">\n\t\t\tPersonne(s)\t\t<\/label>\n\t\t<select name=\"rtb-party\" id=\"rtb-party\" required aria-required=\"true\"  data-selected=\"\">\n\t\t\t\t\t\t\t\t\t<option value=\"1\" >1<\/option>\n\t\t\t\t\t\t<option value=\"2\" >2<\/option>\n\t\t\t\t\t\t<option value=\"3\" >3<\/option>\n\t\t\t\t\t\t<option value=\"4\" >4<\/option>\n\t\t\t\t\t\t<option value=\"5\" >5<\/option>\n\t\t\t\t\t\t<option value=\"6\" >6<\/option>\n\t\t\t\t\t\t<option value=\"7\" >7<\/option>\n\t\t\t\t\t<\/select>\n\t<\/div>\n\n\t\t\t<\/fieldset>\n\t\t\t\t<fieldset class=\"rtb-contact\">\n\n\t\t\t\t\t\t<legend >\n\t\t\t\tCoordonn\u00e9es\t\t\t<\/legend>\n\t\t\t\n\t\t\t\n\t<div class=\"rtb-text name\">\n\t\t\t\t<label for=\"rtb-name\">\n\t\t\tNom\t\t<\/label>\n\t\t<input type=\"text\" name=\"rtb-name\" id=\"rtb-name\" value=\"\" required aria-required=\"true\">\n\t<\/div>\n\n\t\n\t<div class=\"rtb-text email\">\n\t\t\t\t<label for=\"rtb-email\">\n\t\t\tE-mail\t\t<\/label>\n\t\t<input type=\"email\" name=\"rtb-email\" id=\"rtb-email\" value=\"\" required aria-required=\"true\">\n\t<\/div>\n\n\t\n\t<div class=\"rtb-text phone\">\n\t\t\t\t<label for=\"rtb-phone\">\n\t\t\tT\u00e9l\u00e9phone\t\t<\/label>\n\t\t<input type=\"tel\" name=\"rtb-phone\" id=\"rtb-phone\" value=\"\">\n\t<\/div>\n\n\t\n\t<div class=\"add-message\">\n\t\t<a href=\"#\">\n\t\t\tAjouter un message\t\t<\/a>\n\t<\/div>\n\n\t\n\t<div class=\"rtb-textarea message\">\n\t\t\t\t<label for=\"rtb-message\">\n\t\t\tMessage\t\t<\/label>\n\t\t<textarea name=\"rtb-message\" id=\"rtb-message\"><\/textarea>\n\t<\/div>\n\n\t\t\t<\/fieldset>\n\t\t\n\t\t\n\t\t<fieldset class=\"rtb-form-footer\">\n\t\t\t<div id='rtb_recaptcha'><\/div>\n\t\t\t\n\t\t\t<div class=\"rtb-form-submit\"><button type=\"submit\">Demande de r\u00e9servation<\/button><\/div>\t\t<\/fieldset>\n\n\n\t<\/form>\n\n\t\n\t\n\t<\/div>\n\n\t<script>\njQuery(document).ready(function($){\n    setTimeout(function(){\n        $('#rtb-time_root').show();            \/\/ force l'affichage du conteneur\n        $('.fsrs-timepicker').timepicker();    \/\/ initialise le Time Picker\n    }, 500); \/\/ 500ms apr\u00e8s le chargement pour s'assurer que le plugin est pr\u00eat\n});\n<\/script><\/p>\n","protected":false},"excerpt":{"rendered":"<p>Toutes les r\u00e9servations pour le jour m\u00eame doivent \u00eatre effectu\u00e9es avant 11h. Pour les groupes de 8 personnes ou plus, merci de r\u00e9server par t\u00e9l\u00e9phone au +32 2 421 68 99.<\/p>\n","protected":false},"author":2,"featured_media":0,"parent":0,"menu_order":0,"comment_status":"closed","ping_status":"closed","template":"","meta":{"footnotes":""},"class_list":["post-2517","page","type-page","status-publish","hentry"],"yoast_head":"<!-- This site is optimized with the Yoast SEO plugin v27.5 - https:\/\/yoast.com\/product\/yoast-seo-wordpress\/ -->\n<title>R\u00e9servation - AFT&#039;Heure<\/title>\n<meta name=\"robots\" content=\"index, follow, max-snippet:-1, max-image-preview:large, max-video-preview:-1\" \/>\n<link rel=\"canonical\" href=\"https:\/\/www.aftheure.be\/aftheure\/reservation-2\/\" \/>\n<meta property=\"og:locale\" content=\"fr_FR\" \/>\n<meta property=\"og:type\" content=\"article\" \/>\n<meta property=\"og:title\" content=\"R\u00e9servation - AFT&#039;Heure\" \/>\n<meta property=\"og:description\" content=\"Toutes les r\u00e9servations pour le jour m\u00eame doivent \u00eatre effectu\u00e9es avant 11h. Pour les groupes de 8 personnes ou plus, merci de r\u00e9server par t\u00e9l\u00e9phone au +32 2 421 68 99.\" \/>\n<meta property=\"og:url\" content=\"https:\/\/www.aftheure.be\/aftheure\/reservation-2\/\" \/>\n<meta property=\"og:site_name\" content=\"AFT&#039;Heure\" \/>\n<meta property=\"article:publisher\" content=\"https:\/\/www.facebook.com\/aftheurerestaurant\" \/>\n<meta property=\"article:modified_time\" content=\"2026-01-21T15:52:39+00:00\" \/>\n<meta property=\"og:image\" content=\"https:\/\/www.aftheure.be\/aftheure\/wp-content\/uploads\/2023\/05\/logo-AFTheure.png\" \/>\n\t<meta property=\"og:image:width\" content=\"1229\" \/>\n\t<meta property=\"og:image:height\" content=\"972\" \/>\n\t<meta property=\"og:image:type\" content=\"image\/png\" \/>\n<meta name=\"twitter:card\" content=\"summary_large_image\" \/>\n<meta name=\"twitter:label1\" content=\"Dur\u00e9e de lecture estim\u00e9e\" \/>\n\t<meta name=\"twitter:data1\" content=\"1 minute\" \/>\n<script type=\"application\/ld+json\" class=\"yoast-schema-graph\">{\"@context\":\"https:\\\/\\\/schema.org\",\"@graph\":[{\"@type\":\"WebPage\",\"@id\":\"https:\\\/\\\/www.aftheure.be\\\/aftheure\\\/reservation-2\\\/\",\"url\":\"https:\\\/\\\/www.aftheure.be\\\/aftheure\\\/reservation-2\\\/\",\"name\":\"R\u00e9servation - AFT&#039;Heure\",\"isPartOf\":{\"@id\":\"https:\\\/\\\/www.aftheure.be\\\/aftheure\\\/#website\"},\"datePublished\":\"2026-01-21T15:09:05+00:00\",\"dateModified\":\"2026-01-21T15:52:39+00:00\",\"breadcrumb\":{\"@id\":\"https:\\\/\\\/www.aftheure.be\\\/aftheure\\\/reservation-2\\\/#breadcrumb\"},\"inLanguage\":\"fr-FR\",\"potentialAction\":[{\"@type\":\"ReadAction\",\"target\":[\"https:\\\/\\\/www.aftheure.be\\\/aftheure\\\/reservation-2\\\/\"]}]},{\"@type\":\"BreadcrumbList\",\"@id\":\"https:\\\/\\\/www.aftheure.be\\\/aftheure\\\/reservation-2\\\/#breadcrumb\",\"itemListElement\":[{\"@type\":\"ListItem\",\"position\":1,\"name\":\"Accueil\",\"item\":\"https:\\\/\\\/www.aftheure.be\\\/aftheure\\\/\"},{\"@type\":\"ListItem\",\"position\":2,\"name\":\"R\u00e9servation\"}]},{\"@type\":\"WebSite\",\"@id\":\"https:\\\/\\\/www.aftheure.be\\\/aftheure\\\/#website\",\"url\":\"https:\\\/\\\/www.aftheure.be\\\/aftheure\\\/\",\"name\":\"AFT'Heure\",\"description\":\"Restaurant\",\"publisher\":{\"@id\":\"https:\\\/\\\/www.aftheure.be\\\/aftheure\\\/#organization\"},\"potentialAction\":[{\"@type\":\"SearchAction\",\"target\":{\"@type\":\"EntryPoint\",\"urlTemplate\":\"https:\\\/\\\/www.aftheure.be\\\/aftheure\\\/?s={search_term_string}\"},\"query-input\":{\"@type\":\"PropertyValueSpecification\",\"valueRequired\":true,\"valueName\":\"search_term_string\"}}],\"inLanguage\":\"fr-FR\"},{\"@type\":\"Organization\",\"@id\":\"https:\\\/\\\/www.aftheure.be\\\/aftheure\\\/#organization\",\"name\":\"AFT'Heure\",\"url\":\"https:\\\/\\\/www.aftheure.be\\\/aftheure\\\/\",\"logo\":{\"@type\":\"ImageObject\",\"inLanguage\":\"fr-FR\",\"@id\":\"https:\\\/\\\/www.aftheure.be\\\/aftheure\\\/#\\\/schema\\\/logo\\\/image\\\/\",\"url\":\"https:\\\/\\\/www.aftheure.be\\\/aftheure\\\/wp-content\\\/uploads\\\/2024\\\/11\\\/Design-sans-titre-2024-11-22T170321.427.png\",\"contentUrl\":\"https:\\\/\\\/www.aftheure.be\\\/aftheure\\\/wp-content\\\/uploads\\\/2024\\\/11\\\/Design-sans-titre-2024-11-22T170321.427.png\",\"width\":1414,\"height\":1894,\"caption\":\"AFT'Heure\"},\"image\":{\"@id\":\"https:\\\/\\\/www.aftheure.be\\\/aftheure\\\/#\\\/schema\\\/logo\\\/image\\\/\"},\"sameAs\":[\"https:\\\/\\\/www.facebook.com\\\/aftheurerestaurant\"]}]}<\/script>\n<!-- \/ Yoast SEO plugin. -->","yoast_head_json":{"title":"R\u00e9servation - AFT&#039;Heure","robots":{"index":"index","follow":"follow","max-snippet":"max-snippet:-1","max-image-preview":"max-image-preview:large","max-video-preview":"max-video-preview:-1"},"canonical":"https:\/\/www.aftheure.be\/aftheure\/reservation-2\/","og_locale":"fr_FR","og_type":"article","og_title":"R\u00e9servation - AFT&#039;Heure","og_description":"Toutes les r\u00e9servations pour le jour m\u00eame doivent \u00eatre effectu\u00e9es avant 11h. Pour les groupes de 8 personnes ou plus, merci de r\u00e9server par t\u00e9l\u00e9phone au +32 2 421 68 99.","og_url":"https:\/\/www.aftheure.be\/aftheure\/reservation-2\/","og_site_name":"AFT&#039;Heure","article_publisher":"https:\/\/www.facebook.com\/aftheurerestaurant","article_modified_time":"2026-01-21T15:52:39+00:00","og_image":[{"width":1229,"height":972,"url":"https:\/\/www.aftheure.be\/aftheure\/wp-content\/uploads\/2023\/05\/logo-AFTheure.png","type":"image\/png"}],"twitter_card":"summary_large_image","twitter_misc":{"Dur\u00e9e de lecture estim\u00e9e":"1 minute"},"schema":{"@context":"https:\/\/schema.org","@graph":[{"@type":"WebPage","@id":"https:\/\/www.aftheure.be\/aftheure\/reservation-2\/","url":"https:\/\/www.aftheure.be\/aftheure\/reservation-2\/","name":"R\u00e9servation - AFT&#039;Heure","isPartOf":{"@id":"https:\/\/www.aftheure.be\/aftheure\/#website"},"datePublished":"2026-01-21T15:09:05+00:00","dateModified":"2026-01-21T15:52:39+00:00","breadcrumb":{"@id":"https:\/\/www.aftheure.be\/aftheure\/reservation-2\/#breadcrumb"},"inLanguage":"fr-FR","potentialAction":[{"@type":"ReadAction","target":["https:\/\/www.aftheure.be\/aftheure\/reservation-2\/"]}]},{"@type":"BreadcrumbList","@id":"https:\/\/www.aftheure.be\/aftheure\/reservation-2\/#breadcrumb","itemListElement":[{"@type":"ListItem","position":1,"name":"Accueil","item":"https:\/\/www.aftheure.be\/aftheure\/"},{"@type":"ListItem","position":2,"name":"R\u00e9servation"}]},{"@type":"WebSite","@id":"https:\/\/www.aftheure.be\/aftheure\/#website","url":"https:\/\/www.aftheure.be\/aftheure\/","name":"AFT'Heure","description":"Restaurant","publisher":{"@id":"https:\/\/www.aftheure.be\/aftheure\/#organization"},"potentialAction":[{"@type":"SearchAction","target":{"@type":"EntryPoint","urlTemplate":"https:\/\/www.aftheure.be\/aftheure\/?s={search_term_string}"},"query-input":{"@type":"PropertyValueSpecification","valueRequired":true,"valueName":"search_term_string"}}],"inLanguage":"fr-FR"},{"@type":"Organization","@id":"https:\/\/www.aftheure.be\/aftheure\/#organization","name":"AFT'Heure","url":"https:\/\/www.aftheure.be\/aftheure\/","logo":{"@type":"ImageObject","inLanguage":"fr-FR","@id":"https:\/\/www.aftheure.be\/aftheure\/#\/schema\/logo\/image\/","url":"https:\/\/www.aftheure.be\/aftheure\/wp-content\/uploads\/2024\/11\/Design-sans-titre-2024-11-22T170321.427.png","contentUrl":"https:\/\/www.aftheure.be\/aftheure\/wp-content\/uploads\/2024\/11\/Design-sans-titre-2024-11-22T170321.427.png","width":1414,"height":1894,"caption":"AFT'Heure"},"image":{"@id":"https:\/\/www.aftheure.be\/aftheure\/#\/schema\/logo\/image\/"},"sameAs":["https:\/\/www.facebook.com\/aftheurerestaurant"]}]}},"_links":{"self":[{"href":"https:\/\/www.aftheure.be\/aftheure\/wp-json\/wp\/v2\/pages\/2517","targetHints":{"allow":["GET"]}}],"collection":[{"href":"https:\/\/www.aftheure.be\/aftheure\/wp-json\/wp\/v2\/pages"}],"about":[{"href":"https:\/\/www.aftheure.be\/aftheure\/wp-json\/wp\/v2\/types\/page"}],"author":[{"embeddable":true,"href":"https:\/\/www.aftheure.be\/aftheure\/wp-json\/wp\/v2\/users\/2"}],"replies":[{"embeddable":true,"href":"https:\/\/www.aftheure.be\/aftheure\/wp-json\/wp\/v2\/comments?post=2517"}],"version-history":[{"count":10,"href":"https:\/\/www.aftheure.be\/aftheure\/wp-json\/wp\/v2\/pages\/2517\/revisions"}],"predecessor-version":[{"id":2535,"href":"https:\/\/www.aftheure.be\/aftheure\/wp-json\/wp\/v2\/pages\/2517\/revisions\/2535"}],"wp:attachment":[{"href":"https:\/\/www.aftheure.be\/aftheure\/wp-json\/wp\/v2\/media?parent=2517"}],"curies":[{"name":"wp","href":"https:\/\/api.w.org\/{rel}","templated":true}]}}