{"id":47,"date":"2022-06-27T15:42:55","date_gmt":"2022-06-27T13:42:55","guid":{"rendered":"https:\/\/www.mloc1080.be\/aftheure\/?page_id=47"},"modified":"2026-04-09T12:03:07","modified_gmt":"2026-04-09T10:03:07","slug":"menu-de-la-semaine","status":"publish","type":"page","link":"https:\/\/www.aftheure.be\/aftheure\/menu-de-la-semaine\/","title":{"rendered":"Menu de la semaine"},"content":{"rendered":"\t\t<div data-elementor-type=\"wp-page\" data-elementor-id=\"47\" class=\"elementor elementor-47\" data-elementor-post-type=\"page\">\n\t\t\t\t\t\t<section class=\"elementor-section elementor-top-section elementor-element elementor-element-900f8c1 elementor-section-boxed elementor-section-height-default elementor-section-height-default\" data-id=\"900f8c1\" data-element_type=\"section\" data-e-type=\"section\">\n\t\t\t\t\t\t<div class=\"elementor-container elementor-column-gap-default\">\n\t\t\t\t\t<div class=\"elementor-column elementor-col-33 elementor-top-column elementor-element elementor-element-544d041\" data-id=\"544d041\" data-element_type=\"column\" data-e-type=\"column\">\n\t\t\t<div class=\"elementor-widget-wrap\">\n\t\t\t\t\t\t\t<\/div>\n\t\t<\/div>\n\t\t\t\t<div class=\"elementor-column elementor-col-33 elementor-top-column elementor-element elementor-element-beb6dd2\" data-id=\"beb6dd2\" data-element_type=\"column\" data-e-type=\"column\">\n\t\t\t<div class=\"elementor-widget-wrap elementor-element-populated\">\n\t\t\t\t\t\t<div class=\"elementor-element elementor-element-710eab1 elementor-widget elementor-widget-text-editor\" data-id=\"710eab1\" data-element_type=\"widget\" data-e-type=\"widget\" data-widget_type=\"text-editor.default\">\n\t\t\t\t<div class=\"elementor-widget-container\">\n\t\t\t\t\t\t\t\t\t<div style=\"position: relative; width: 100%; height: 0; padding-top: 141.4286%; padding-bottom: 0; box-shadow: 0 2px 8px 0 rgba(63,69,81,0.16); margin-top: 1.6em; margin-bottom: 0.9em; overflow: hidden; border-radius: 8px; will-change: transform;\"><iframe style=\"position: absolute; width: 100%; height: 100%; top: 0; left: 0; border: none; padding: 0; margin: 0;\" src=\"https:\/\/www.canva.com\/design\/DAFI7thV0f8\/ArNojVXJC06Ua6CXUz0Rxg\/view?embed\" allowfullscreen=\"allowfullscreen\"><br \/>  <\/iframe><\/div>\t\t\t\t\t\t\t\t<\/div>\n\t\t\t\t<\/div>\n\t\t\t\t\t<\/div>\n\t\t<\/div>\n\t\t\t\t<div class=\"elementor-column elementor-col-33 elementor-top-column elementor-element elementor-element-c47fc5d\" data-id=\"c47fc5d\" data-element_type=\"column\" data-e-type=\"column\">\n\t\t\t<div class=\"elementor-widget-wrap\">\n\t\t\t\t\t\t\t<\/div>\n\t\t<\/div>\n\t\t\t\t\t<\/div>\n\t\t<\/section>\n\t\t\t\t<section class=\"elementor-section elementor-top-section elementor-element elementor-element-8aa9e12 elementor-section-boxed elementor-section-height-default elementor-section-height-default\" data-id=\"8aa9e12\" data-element_type=\"section\" data-e-type=\"section\">\n\t\t\t\t\t\t<div class=\"elementor-container elementor-column-gap-default\">\n\t\t\t\t\t<div class=\"elementor-column elementor-col-100 elementor-top-column elementor-element elementor-element-c1eec50\" data-id=\"c1eec50\" data-element_type=\"column\" data-e-type=\"column\">\n\t\t\t<div class=\"elementor-widget-wrap elementor-element-populated\">\n\t\t\t\t\t\t<div class=\"elementor-element elementor-element-792981d elementor-widget elementor-widget-spacer\" data-id=\"792981d\" data-element_type=\"widget\" data-e-type=\"widget\" data-widget_type=\"spacer.default\">\n\t\t\t\t<div class=\"elementor-widget-container\">\n\t\t\t\t\t\t\t<div class=\"elementor-spacer\">\n\t\t\t<div class=\"elementor-spacer-inner\"><\/div>\n\t\t<\/div>\n\t\t\t\t\t\t<\/div>\n\t\t\t\t<\/div>\n\t\t\t\t\t<\/div>\n\t\t<\/div>\n\t\t\t\t\t<\/div>\n\t\t<\/section>\n\t\t\t\t<section class=\"elementor-section elementor-top-section elementor-element elementor-element-2e2a733 elementor-section-boxed elementor-section-height-default elementor-section-height-default\" data-id=\"2e2a733\" data-element_type=\"section\" data-e-type=\"section\" data-settings=\"{&quot;background_background&quot;:&quot;classic&quot;}\">\n\t\t\t\t\t\t<div class=\"elementor-container elementor-column-gap-default\">\n\t\t\t\t\t<div class=\"elementor-column elementor-col-33 elementor-top-column elementor-element elementor-element-b19d89c\" data-id=\"b19d89c\" data-element_type=\"column\" data-e-type=\"column\">\n\t\t\t<div class=\"elementor-widget-wrap elementor-element-populated\">\n\t\t\t\t\t\t<div class=\"elementor-element elementor-element-37751b5 elementor-position-inline-start elementor-view-default elementor-mobile-position-block-start elementor-widget elementor-widget-icon-box\" data-id=\"37751b5\" data-element_type=\"widget\" data-e-type=\"widget\" data-widget_type=\"icon-box.default\">\n\t\t\t\t<div class=\"elementor-widget-container\">\n\t\t\t\t\t\t\t<div class=\"elementor-icon-box-wrapper\">\n\n\t\t\t\t\t\t<div class=\"elementor-icon-box-icon\">\n\t\t\t\t<span  class=\"elementor-icon\">\n\t\t\t\t<i aria-hidden=\"true\" class=\"fas fa-calendar\"><\/i>\t\t\t\t<\/span>\n\t\t\t<\/div>\n\t\t\t\n\t\t\t\t\t\t<div class=\"elementor-icon-box-content\">\n\n\t\t\t\t\t\t\t\t\t<h3 class=\"elementor-icon-box-title\">\n\t\t\t\t\t\t<span  >\n\t\t\t\t\t\t\tVenez manger\t\t\t\t\t\t<\/span>\n\t\t\t\t\t<\/h3>\n\t\t\t\t\n\t\t\t\t\t\t\t\t\t<p class=\"elementor-icon-box-description\">\n\t\t\t\t\t\tDu lundi au vendredi de 12h \u00e0 14h\t\t\t\t\t<\/p>\n\t\t\t\t\n\t\t\t<\/div>\n\t\t\t\n\t\t<\/div>\n\t\t\t\t\t\t<\/div>\n\t\t\t\t<\/div>\n\t\t\t\t\t<\/div>\n\t\t<\/div>\n\t\t\t\t<div class=\"elementor-column elementor-col-33 elementor-top-column elementor-element elementor-element-a43fb04\" data-id=\"a43fb04\" data-element_type=\"column\" data-e-type=\"column\">\n\t\t\t<div class=\"elementor-widget-wrap elementor-element-populated\">\n\t\t\t\t\t\t<div class=\"elementor-element elementor-element-29fafd7 elementor-position-inline-start elementor-view-default elementor-mobile-position-block-start elementor-widget elementor-widget-icon-box\" data-id=\"29fafd7\" data-element_type=\"widget\" data-e-type=\"widget\" data-widget_type=\"icon-box.default\">\n\t\t\t\t<div class=\"elementor-widget-container\">\n\t\t\t\t\t\t\t<div class=\"elementor-icon-box-wrapper\">\n\n\t\t\t\t\t\t<div class=\"elementor-icon-box-icon\">\n\t\t\t\t<span  class=\"elementor-icon\">\n\t\t\t\t<i aria-hidden=\"true\" class=\"fas fa-phone-alt\"><\/i>\t\t\t\t<\/span>\n\t\t\t<\/div>\n\t\t\t\n\t\t\t\t\t\t<div class=\"elementor-icon-box-content\">\n\n\t\t\t\t\t\t\t\t\t<h3 class=\"elementor-icon-box-title\">\n\t\t\t\t\t\t<span  >\n\t\t\t\t\t\t\tAppelez-nous\t\t\t\t\t\t<\/span>\n\t\t\t\t\t<\/h3>\n\t\t\t\t\n\t\t\t\t\t\t\t\t\t<p class=\"elementor-icon-box-description\">\n\t\t\t\t\t\t+32 2 421 68 99\t\t\t\t\t<\/p>\n\t\t\t\t\n\t\t\t<\/div>\n\t\t\t\n\t\t<\/div>\n\t\t\t\t\t\t<\/div>\n\t\t\t\t<\/div>\n\t\t\t\t\t<\/div>\n\t\t<\/div>\n\t\t\t\t<div class=\"elementor-column elementor-col-33 elementor-top-column elementor-element elementor-element-929d1c3\" data-id=\"929d1c3\" data-element_type=\"column\" data-e-type=\"column\">\n\t\t\t<div class=\"elementor-widget-wrap elementor-element-populated\">\n\t\t\t\t\t\t<div class=\"elementor-element elementor-element-8627607 elementor-position-inline-start elementor-view-default elementor-mobile-position-block-start elementor-widget elementor-widget-icon-box\" data-id=\"8627607\" data-element_type=\"widget\" data-e-type=\"widget\" data-widget_type=\"icon-box.default\">\n\t\t\t\t<div class=\"elementor-widget-container\">\n\t\t\t\t\t\t\t<div class=\"elementor-icon-box-wrapper\">\n\n\t\t\t\t\t\t<div class=\"elementor-icon-box-icon\">\n\t\t\t\t<span  class=\"elementor-icon\">\n\t\t\t\t<i aria-hidden=\"true\" class=\"fas fa-map-marker-alt\"><\/i>\t\t\t\t<\/span>\n\t\t\t<\/div>\n\t\t\t\n\t\t\t\t\t\t<div class=\"elementor-icon-box-content\">\n\n\t\t\t\t\t\t\t\t\t<h3 class=\"elementor-icon-box-title\">\n\t\t\t\t\t\t<span  >\n\t\t\t\t\t\t\tTrouvez-nous\t\t\t\t\t\t<\/span>\n\t\t\t\t\t<\/h3>\n\t\t\t\t\n\t\t\t\t\t\t\t\t\t<p class=\"elementor-icon-box-description\">\n\t\t\t\t\t\tBoulevard L\u00e9opold II, 101-103 1080 Molenbeek-Saint-Jean\t\t\t\t\t<\/p>\n\t\t\t\t\n\t\t\t<\/div>\n\t\t\t\n\t\t<\/div>\n\t\t\t\t\t\t<\/div>\n\t\t\t\t<\/div>\n\t\t\t\t\t<\/div>\n\t\t<\/div>\n\t\t\t\t\t<\/div>\n\t\t<\/section>\n\t\t\t\t<section class=\"elementor-section elementor-top-section elementor-element elementor-element-80210a0 elementor-section-boxed elementor-section-height-default elementor-section-height-default\" data-id=\"80210a0\" data-element_type=\"section\" data-e-type=\"section\">\n\t\t\t\t\t\t<div class=\"elementor-container elementor-column-gap-default\">\n\t\t\t\t\t<div class=\"elementor-column elementor-col-33 elementor-top-column elementor-element elementor-element-6f1f932\" data-id=\"6f1f932\" data-element_type=\"column\" data-e-type=\"column\">\n\t\t\t<div class=\"elementor-widget-wrap\">\n\t\t\t\t\t\t\t<\/div>\n\t\t<\/div>\n\t\t\t\t<div class=\"elementor-column elementor-col-33 elementor-top-column elementor-element elementor-element-b3acfa7\" data-id=\"b3acfa7\" data-element_type=\"column\" data-e-type=\"column\">\n\t\t\t<div class=\"elementor-widget-wrap elementor-element-populated\">\n\t\t\t\t\t\t<div class=\"elementor-element elementor-element-2c1d45b elementor-widget elementor-widget-image\" data-id=\"2c1d45b\" data-element_type=\"widget\" data-e-type=\"widget\" data-widget_type=\"image.default\">\n\t\t\t\t<div class=\"elementor-widget-container\">\n\t\t\t\t\t\t\t\t\t\t\t\t\t\t\t<img fetchpriority=\"high\" decoding=\"async\" width=\"600\" height=\"200\" src=\"https:\/\/www.aftheure.be\/aftheure\/wp-content\/uploads\/2024\/01\/LOGOS.png\" class=\"attachment-large size-large wp-image-1647\" alt=\"\" srcset=\"https:\/\/www.aftheure.be\/aftheure\/wp-content\/uploads\/2024\/01\/LOGOS.png 600w, https:\/\/www.aftheure.be\/aftheure\/wp-content\/uploads\/2024\/01\/LOGOS-300x100.png 300w\" sizes=\"(max-width: 600px) 100vw, 600px\" \/>\t\t\t\t\t\t\t\t\t\t\t\t\t\t\t<\/div>\n\t\t\t\t<\/div>\n\t\t\t\t\t<\/div>\n\t\t<\/div>\n\t\t\t\t<div class=\"elementor-column elementor-col-33 elementor-top-column elementor-element elementor-element-40f8214\" data-id=\"40f8214\" data-element_type=\"column\" data-e-type=\"column\">\n\t\t\t<div class=\"elementor-widget-wrap\">\n\t\t\t\t\t\t\t<\/div>\n\t\t<\/div>\n\t\t\t\t\t<\/div>\n\t\t<\/section>\n\t\t\t\t<\/div>\n\t\t","protected":false},"excerpt":{"rendered":"<p>Venez manger Du lundi au vendredi de 12h \u00e0 14h Appelez-nous +32 2 421 68 99 Trouvez-nous Boulevard L\u00e9opold II, 101-103 1080 Molenbeek-Saint-Jean<\/p>\n","protected":false},"author":2,"featured_media":0,"parent":0,"menu_order":0,"comment_status":"closed","ping_status":"closed","template":"","meta":{"footnotes":""},"class_list":["post-47","page","type-page","status-publish","hentry"],"yoast_head":"<!-- This site is optimized with the Yoast SEO plugin v27.4 - https:\/\/yoast.com\/product\/yoast-seo-wordpress\/ -->\n<title>Menu de la semaine - AFT&#039;Heure<\/title>\n<meta name=\"description\" content=\"D\u00e9couvrez le menu de la semaine \u00e0 l&#039;AFT&#039;Heure. Nos plats sont cuisin\u00e9s et servis par nos stagiaires en formation.\" \/>\n<meta name=\"robots\" content=\"index, follow, max-snippet:-1, max-image-preview:large, max-video-preview:-1\" \/>\n<link rel=\"canonical\" href=\"https:\/\/www.aftheure.be\/aftheure\/menu-de-la-semaine\/\" \/>\n<meta property=\"og:locale\" content=\"fr_FR\" \/>\n<meta property=\"og:type\" content=\"article\" \/>\n<meta property=\"og:title\" content=\"Menu de la semaine - AFT&#039;Heure\" \/>\n<meta property=\"og:description\" content=\"D\u00e9couvrez le menu de la semaine \u00e0 l&#039;AFT&#039;Heure. Nos plats sont cuisin\u00e9s et servis par nos stagiaires en formation.\" \/>\n<meta property=\"og:url\" content=\"https:\/\/www.aftheure.be\/aftheure\/menu-de-la-semaine\/\" \/>\n<meta property=\"og:site_name\" content=\"AFT&#039;Heure\" \/>\n<meta property=\"article:publisher\" content=\"https:\/\/www.facebook.com\/aftheurerestaurant\" \/>\n<meta property=\"article:modified_time\" content=\"2026-04-09T10:03:07+00:00\" \/>\n<meta property=\"og:image\" content=\"https:\/\/www.aftheure.be\/aftheure\/wp-content\/uploads\/2024\/01\/LOGOS.png\" \/>\n\t<meta property=\"og:image:width\" content=\"600\" \/>\n\t<meta property=\"og:image:height\" content=\"200\" \/>\n\t<meta property=\"og:image:type\" content=\"image\/png\" \/>\n<meta name=\"twitter:card\" content=\"summary_large_image\" \/>\n<meta name=\"twitter:label1\" content=\"Dur\u00e9e de lecture estim\u00e9e\" \/>\n\t<meta name=\"twitter:data1\" content=\"1 minute\" \/>\n<script type=\"application\/ld+json\" class=\"yoast-schema-graph\">{\"@context\":\"https:\\\/\\\/schema.org\",\"@graph\":[{\"@type\":\"WebPage\",\"@id\":\"https:\\\/\\\/www.aftheure.be\\\/aftheure\\\/menu-de-la-semaine\\\/\",\"url\":\"https:\\\/\\\/www.aftheure.be\\\/aftheure\\\/menu-de-la-semaine\\\/\",\"name\":\"Menu de la semaine - AFT&#039;Heure\",\"isPartOf\":{\"@id\":\"https:\\\/\\\/www.aftheure.be\\\/aftheure\\\/#website\"},\"primaryImageOfPage\":{\"@id\":\"https:\\\/\\\/www.aftheure.be\\\/aftheure\\\/menu-de-la-semaine\\\/#primaryimage\"},\"image\":{\"@id\":\"https:\\\/\\\/www.aftheure.be\\\/aftheure\\\/menu-de-la-semaine\\\/#primaryimage\"},\"thumbnailUrl\":\"https:\\\/\\\/www.aftheure.be\\\/aftheure\\\/wp-content\\\/uploads\\\/2024\\\/01\\\/LOGOS.png\",\"datePublished\":\"2022-06-27T13:42:55+00:00\",\"dateModified\":\"2026-04-09T10:03:07+00:00\",\"description\":\"D\u00e9couvrez le menu de la semaine \u00e0 l'AFT'Heure. Nos plats sont cuisin\u00e9s et servis par nos stagiaires en formation.\",\"breadcrumb\":{\"@id\":\"https:\\\/\\\/www.aftheure.be\\\/aftheure\\\/menu-de-la-semaine\\\/#breadcrumb\"},\"inLanguage\":\"fr-FR\",\"potentialAction\":[{\"@type\":\"ReadAction\",\"target\":[\"https:\\\/\\\/www.aftheure.be\\\/aftheure\\\/menu-de-la-semaine\\\/\"]}]},{\"@type\":\"ImageObject\",\"inLanguage\":\"fr-FR\",\"@id\":\"https:\\\/\\\/www.aftheure.be\\\/aftheure\\\/menu-de-la-semaine\\\/#primaryimage\",\"url\":\"https:\\\/\\\/www.aftheure.be\\\/aftheure\\\/wp-content\\\/uploads\\\/2024\\\/01\\\/LOGOS.png\",\"contentUrl\":\"https:\\\/\\\/www.aftheure.be\\\/aftheure\\\/wp-content\\\/uploads\\\/2024\\\/01\\\/LOGOS.png\",\"width\":600,\"height\":200},{\"@type\":\"BreadcrumbList\",\"@id\":\"https:\\\/\\\/www.aftheure.be\\\/aftheure\\\/menu-de-la-semaine\\\/#breadcrumb\",\"itemListElement\":[{\"@type\":\"ListItem\",\"position\":1,\"name\":\"Accueil\",\"item\":\"https:\\\/\\\/www.aftheure.be\\\/aftheure\\\/\"},{\"@type\":\"ListItem\",\"position\":2,\"name\":\"Menu de la semaine\"}]},{\"@type\":\"WebSite\",\"@id\":\"https:\\\/\\\/www.aftheure.be\\\/aftheure\\\/#website\",\"url\":\"https:\\\/\\\/www.aftheure.be\\\/aftheure\\\/\",\"name\":\"AFT'Heure\",\"description\":\"Restaurant\",\"publisher\":{\"@id\":\"https:\\\/\\\/www.aftheure.be\\\/aftheure\\\/#organization\"},\"potentialAction\":[{\"@type\":\"SearchAction\",\"target\":{\"@type\":\"EntryPoint\",\"urlTemplate\":\"https:\\\/\\\/www.aftheure.be\\\/aftheure\\\/?s={search_term_string}\"},\"query-input\":{\"@type\":\"PropertyValueSpecification\",\"valueRequired\":true,\"valueName\":\"search_term_string\"}}],\"inLanguage\":\"fr-FR\"},{\"@type\":\"Organization\",\"@id\":\"https:\\\/\\\/www.aftheure.be\\\/aftheure\\\/#organization\",\"name\":\"AFT'Heure\",\"url\":\"https:\\\/\\\/www.aftheure.be\\\/aftheure\\\/\",\"logo\":{\"@type\":\"ImageObject\",\"inLanguage\":\"fr-FR\",\"@id\":\"https:\\\/\\\/www.aftheure.be\\\/aftheure\\\/#\\\/schema\\\/logo\\\/image\\\/\",\"url\":\"https:\\\/\\\/www.aftheure.be\\\/aftheure\\\/wp-content\\\/uploads\\\/2024\\\/11\\\/Design-sans-titre-2024-11-22T170321.427.png\",\"contentUrl\":\"https:\\\/\\\/www.aftheure.be\\\/aftheure\\\/wp-content\\\/uploads\\\/2024\\\/11\\\/Design-sans-titre-2024-11-22T170321.427.png\",\"width\":1414,\"height\":1894,\"caption\":\"AFT'Heure\"},\"image\":{\"@id\":\"https:\\\/\\\/www.aftheure.be\\\/aftheure\\\/#\\\/schema\\\/logo\\\/image\\\/\"},\"sameAs\":[\"https:\\\/\\\/www.facebook.com\\\/aftheurerestaurant\"]}]}<\/script>\n<!-- \/ Yoast SEO plugin. -->","yoast_head_json":{"title":"Menu de la semaine - AFT&#039;Heure","description":"D\u00e9couvrez le menu de la semaine \u00e0 l'AFT'Heure. Nos plats sont cuisin\u00e9s et servis par nos stagiaires en formation.","robots":{"index":"index","follow":"follow","max-snippet":"max-snippet:-1","max-image-preview":"max-image-preview:large","max-video-preview":"max-video-preview:-1"},"canonical":"https:\/\/www.aftheure.be\/aftheure\/menu-de-la-semaine\/","og_locale":"fr_FR","og_type":"article","og_title":"Menu de la semaine - AFT&#039;Heure","og_description":"D\u00e9couvrez le menu de la semaine \u00e0 l'AFT'Heure. Nos plats sont cuisin\u00e9s et servis par nos stagiaires en formation.","og_url":"https:\/\/www.aftheure.be\/aftheure\/menu-de-la-semaine\/","og_site_name":"AFT&#039;Heure","article_publisher":"https:\/\/www.facebook.com\/aftheurerestaurant","article_modified_time":"2026-04-09T10:03:07+00:00","og_image":[{"width":600,"height":200,"url":"https:\/\/www.aftheure.be\/aftheure\/wp-content\/uploads\/2024\/01\/LOGOS.png","type":"image\/png"}],"twitter_card":"summary_large_image","twitter_misc":{"Dur\u00e9e de lecture estim\u00e9e":"1 minute"},"schema":{"@context":"https:\/\/schema.org","@graph":[{"@type":"WebPage","@id":"https:\/\/www.aftheure.be\/aftheure\/menu-de-la-semaine\/","url":"https:\/\/www.aftheure.be\/aftheure\/menu-de-la-semaine\/","name":"Menu de la semaine - AFT&#039;Heure","isPartOf":{"@id":"https:\/\/www.aftheure.be\/aftheure\/#website"},"primaryImageOfPage":{"@id":"https:\/\/www.aftheure.be\/aftheure\/menu-de-la-semaine\/#primaryimage"},"image":{"@id":"https:\/\/www.aftheure.be\/aftheure\/menu-de-la-semaine\/#primaryimage"},"thumbnailUrl":"https:\/\/www.aftheure.be\/aftheure\/wp-content\/uploads\/2024\/01\/LOGOS.png","datePublished":"2022-06-27T13:42:55+00:00","dateModified":"2026-04-09T10:03:07+00:00","description":"D\u00e9couvrez le menu de la semaine \u00e0 l'AFT'Heure. Nos plats sont cuisin\u00e9s et servis par nos stagiaires en formation.","breadcrumb":{"@id":"https:\/\/www.aftheure.be\/aftheure\/menu-de-la-semaine\/#breadcrumb"},"inLanguage":"fr-FR","potentialAction":[{"@type":"ReadAction","target":["https:\/\/www.aftheure.be\/aftheure\/menu-de-la-semaine\/"]}]},{"@type":"ImageObject","inLanguage":"fr-FR","@id":"https:\/\/www.aftheure.be\/aftheure\/menu-de-la-semaine\/#primaryimage","url":"https:\/\/www.aftheure.be\/aftheure\/wp-content\/uploads\/2024\/01\/LOGOS.png","contentUrl":"https:\/\/www.aftheure.be\/aftheure\/wp-content\/uploads\/2024\/01\/LOGOS.png","width":600,"height":200},{"@type":"BreadcrumbList","@id":"https:\/\/www.aftheure.be\/aftheure\/menu-de-la-semaine\/#breadcrumb","itemListElement":[{"@type":"ListItem","position":1,"name":"Accueil","item":"https:\/\/www.aftheure.be\/aftheure\/"},{"@type":"ListItem","position":2,"name":"Menu de la semaine"}]},{"@type":"WebSite","@id":"https:\/\/www.aftheure.be\/aftheure\/#website","url":"https:\/\/www.aftheure.be\/aftheure\/","name":"AFT'Heure","description":"Restaurant","publisher":{"@id":"https:\/\/www.aftheure.be\/aftheure\/#organization"},"potentialAction":[{"@type":"SearchAction","target":{"@type":"EntryPoint","urlTemplate":"https:\/\/www.aftheure.be\/aftheure\/?s={search_term_string}"},"query-input":{"@type":"PropertyValueSpecification","valueRequired":true,"valueName":"search_term_string"}}],"inLanguage":"fr-FR"},{"@type":"Organization","@id":"https:\/\/www.aftheure.be\/aftheure\/#organization","name":"AFT'Heure","url":"https:\/\/www.aftheure.be\/aftheure\/","logo":{"@type":"ImageObject","inLanguage":"fr-FR","@id":"https:\/\/www.aftheure.be\/aftheure\/#\/schema\/logo\/image\/","url":"https:\/\/www.aftheure.be\/aftheure\/wp-content\/uploads\/2024\/11\/Design-sans-titre-2024-11-22T170321.427.png","contentUrl":"https:\/\/www.aftheure.be\/aftheure\/wp-content\/uploads\/2024\/11\/Design-sans-titre-2024-11-22T170321.427.png","width":1414,"height":1894,"caption":"AFT'Heure"},"image":{"@id":"https:\/\/www.aftheure.be\/aftheure\/#\/schema\/logo\/image\/"},"sameAs":["https:\/\/www.facebook.com\/aftheurerestaurant"]}]}},"_links":{"self":[{"href":"https:\/\/www.aftheure.be\/aftheure\/wp-json\/wp\/v2\/pages\/47","targetHints":{"allow":["GET"]}}],"collection":[{"href":"https:\/\/www.aftheure.be\/aftheure\/wp-json\/wp\/v2\/pages"}],"about":[{"href":"https:\/\/www.aftheure.be\/aftheure\/wp-json\/wp\/v2\/types\/page"}],"author":[{"embeddable":true,"href":"https:\/\/www.aftheure.be\/aftheure\/wp-json\/wp\/v2\/users\/2"}],"replies":[{"embeddable":true,"href":"https:\/\/www.aftheure.be\/aftheure\/wp-json\/wp\/v2\/comments?post=47"}],"version-history":[{"count":293,"href":"https:\/\/www.aftheure.be\/aftheure\/wp-json\/wp\/v2\/pages\/47\/revisions"}],"predecessor-version":[{"id":2692,"href":"https:\/\/www.aftheure.be\/aftheure\/wp-json\/wp\/v2\/pages\/47\/revisions\/2692"}],"wp:attachment":[{"href":"https:\/\/www.aftheure.be\/aftheure\/wp-json\/wp\/v2\/media?parent=47"}],"curies":[{"name":"wp","href":"https:\/\/api.w.org\/{rel}","templated":true}]}}